{"id":1537,"date":"2016-12-21T17:47:32","date_gmt":"2016-12-21T17:47:32","guid":{"rendered":"https:\/\/www.evooleum.com\/\/en\/aplicacion\/"},"modified":"2025-12-19T09:40:38","modified_gmt":"2025-12-19T08:40:38","slug":"application","status":"publish","type":"page","link":"https:\/\/www.evooleum.com\/en\/application\/","title":{"rendered":"Application"},"content":{"rendered":"<p>[et_pb_section fb_built=&#8221;1&#8243; fullwidth=&#8221;on&#8221; _builder_version=&#8221;4.16&#8243; global_colors_info=&#8221;{}&#8221;][et_pb_fullwidth_image src=&#8221;https:\/\/www.evooleum.com\/wp-content\/uploads\/&#8221; _builder_version=&#8221;4.16&#8243; animation_style=&#8221;slide&#8221; animation_direction=&#8221;left&#8221; global_colors_info=&#8221;{}&#8221;][\/et_pb_fullwidth_image][\/et_pb_section][et_pb_section fb_built=&#8221;1&#8243; _builder_version=&#8221;4.16&#8243; global_colors_info=&#8221;{}&#8221;][et_pb_row _builder_version=&#8221;4.16&#8243; background_size=&#8221;initial&#8221; background_position=&#8221;top_left&#8221; background_repeat=&#8221;repeat&#8221; custom_padding=&#8221;0px|0px|0px|0px&#8221; global_colors_info=&#8221;{}&#8221;][et_pb_column type=&#8221;4_4&#8243; _builder_version=&#8221;4.16&#8243; custom_padding=&#8221;|||&#8221; global_colors_info=&#8221;{}&#8221; custom_padding__hover=&#8221;|||&#8221;][et_pb_text _builder_version=&#8221;4.16&#8243; text_font=&#8221;||||||||&#8221; text_orientation=&#8221;center&#8221; module_alignment=&#8221;center&#8221; global_colors_info=&#8221;{}&#8221;]<\/p>\n<h1 id=\"subrayado\">EVOOLEUM APP<\/h1>\n<p>[\/et_pb_text][\/et_pb_column][\/et_pb_row][et_pb_row column_structure=&#8221;1_2,1_2&#8243; _builder_version=&#8221;4.16&#8243; background_size=&#8221;initial&#8221; background_position=&#8221;top_left&#8221; background_repeat=&#8221;repeat&#8221; custom_padding=&#8221;3px|0px|57.0833px|0px&#8221; global_colors_info=&#8221;{}&#8221;][et_pb_column type=&#8221;1_2&#8243; _builder_version=&#8221;4.16&#8243; custom_padding=&#8221;|||&#8221; global_colors_info=&#8221;{}&#8221; custom_padding__hover=&#8221;|||&#8221;][et_pb_text _builder_version=&#8221;4.16&#8243; background_size=&#8221;initial&#8221; background_position=&#8221;top_left&#8221; background_repeat=&#8221;repeat&#8221; global_colors_info=&#8221;{}&#8221;]<\/p>\n<p><strong>DESCRIPTION<\/strong><\/p>\n<p>Discover the world\u2019s best EVOOs and all there is to know about extra virgin olive oils!<\/p>\n<p><strong>MORE INFORMATION<\/strong><\/p>\n<p>Prefaced by <span class=\"VIiyi\" jsaction=\"mouseup:BR6jm\" jsname=\"jqKxS\" lang=\"en\"><span jsaction=\"agoMJf:PFBcW;usxOmf:aWLT7;jhKsnd:P7O7bd,F8DmGf;Q4AGo:Gm7gYd,qAKMYb;uFUCPb:pvnm0e,pfE8Hb,PFBcW;f56efd:dJXsye;EnoYf:KNzws,ZJsZZ,JgVSJc;zdMJQc:cCQNKb,ZJsZZ,zchEXc;Ytrrj:JJDvdc;tNR8yc:GeFvjb;oFN6Ye:hij5Wb;bmeZHc:iURhpf;Oxj3Xe:qAKMYb,yaf12d\" jsname=\"txFAF\" class=\"JLqJ4b ChMk0b\" data-language-for-alternatives=\"en\" data-language-to-translate-into=\"es\" data-phrase-index=\"0\" data-number-of-phrases=\"1\" jscontroller=\"Zl5N8\" jsdata=\"uqLsIf;_;$30\" jsmodel=\"SsMkhd\"><span jsaction=\"click:qtZ4nf,GFf3ac,tMZCfe; contextmenu:Nqw7Te,QP7LD; mouseout:Nqw7Te; mouseover:qtZ4nf,c2aHje\" jsname=\"W297wb\">the World&#8217;s most renowed chefs<\/span><\/span><\/span>, the app of the EVOOLEUM World\u2019s TOP100 Extra Virgin Olive Oils Guide introduces the exclusive TOP100 EVOOs, or in other words, the best 100 extra virgin olive oils in the world -as well as the EVOOLEUM TOP20 Limited Production-, according to the results obtained in the International EVOOLEUM Awards for Quality in Extra Virgin Olive Oil, organized by Mercacei and AEMO. A competition that, in addition to standing out for its absolute rigor and reliability, it boasts having the most spectacular jury, or tasting panel, that currently exists, and possibly the best group of international tasters never before gathered.<\/p>\n<p>In order to achieve an easy and intuitive read, the EVOOLEUM app has created more than 30 symbols and icons that make reference to the score obtained by each juice, its origin, the Protected Designation of Origin (PDO) or Protected Geographical Indication (PGI) to which it belongs, the variety or varieties of olive from which it is made, the volume of production, the harvesting method and time, the uniqueness of the environment where the grove is located, the cultivation and plantation systems, tasting and pairings; without forgetting those juices that are certified Kosher and Halal.<\/p>\n<p>The application -for smartphones or tablets, available for free for iOS and Android in Spanish and English- also allows you to search by country, score obtained in the contest, category (best monovarietal, blend, green fruity and mature fruity, organic production, packaging design) &#8230; or discover the most beautiful EVOOs in the world according to the results of the EVOOLEUM Packaging Awards competition.<\/p>\n<p>What EVOO should a grilled fish be cooked? Would an arbequino or a hojiblanco go better with my tomato and avocado salad? The answers are in the app of EVOOLEUM, because each juice of the TOP100 goes accompanied of the best foodpairing. And all with a modern and intuitive design that stands out for its navigability and easy of use, allowing to locate quickly and without cumbersome shortcuts the section of our interest, without forgetting other powerful exclusive contents related to the fascinating world of extra virgin olive oil and its culture: gastronomy, the art of tasting, international olive growing, the analysis of the evolution of the world production of olive oil, the best EVOO stores, oleotourism, EVOO and health, olive oil dictionary&#8230; everything to soak up the wonderful culture of the extra virgin olive oil. An exciting journey at your fingertips.<\/p>\n<p>[\/et_pb_text][\/et_pb_column][et_pb_column type=&#8221;1_2&#8243; _builder_version=&#8221;4.16&#8243; custom_padding=&#8221;|||&#8221; global_colors_info=&#8221;{}&#8221; custom_padding__hover=&#8221;|||&#8221;][et_pb_image src=&#8221;https:\/\/www.evooleum.com\/wp-content\/uploads\/2025\/12\/IMG_1009.jpeg&#8221; title_text=&#8221;IMG_1009&#8243; align_tablet=&#8221;center&#8221; align_phone=&#8221;&#8221; align_last_edited=&#8221;on|desktop&#8221; _builder_version=&#8221;4.27.5&#8243; hover_enabled=&#8221;0&#8243; global_colors_info=&#8221;{}&#8221; sticky_enabled=&#8221;0&#8243;]&nbsp;<br \/>\n[\/et_pb_image][et_pb_text _builder_version=&#8221;4.27.5&#8243; text_orientation=&#8221;center&#8221; module_alignment=&#8221;center&#8221; hover_enabled=&#8221;0&#8243; global_colors_info=&#8221;{}&#8221; sticky_enabled=&#8221;0&#8243;]<\/p>\n<p><a title=\"Ir a APP EVOOLEUM en Google Play\" href=\"https:\/\/play.google.com\/store\/apps\/details?id=com.qastusoft.evooleum2026\" target=\"_blank\" rel=\"noopener noreferrer\"><img loading=\"lazy\" decoding=\"async\" class=\"wp-image-1529 alignnone size-full\" src=\"https:\/\/www.evooleum.com\/wp-content\/uploads\/2016\/12\/andr_store_es.jpg\" alt=\"Ir a APP Evooleum en Google Play\" width=\"135\" height=\"40\" \/><\/a><a title=\"Ir a APP EVOOLEUM en App Store\" href=\"https:\/\/apps.apple.com\/es\/app\/evooleum-2025\/id6741365364\" target=\"_blank\" rel=\"noopener noreferrer\"><\/a><\/p>\n<p><a title=\"Ir a APP EVOOLEUM en App Store\" href=\"https:\/\/apps.apple.com\/es\/app\/evooleum-2026\/id6756278194\" target=\"_blank\" rel=\"noopener noreferrer\"><img loading=\"lazy\" decoding=\"async\" class=\"wp-image-1523 alignnone size-full\" src=\"https:\/\/www.evooleum.com\/wp-content\/uploads\/2016\/12\/apll_store_es.jpg\" alt=\"Ir a APP Evooleum en App Store\" width=\"135\" height=\"40\" \/><\/a><\/p>\n<p>[\/et_pb_text][\/et_pb_column][\/et_pb_row][\/et_pb_section]<\/p>\n","protected":false},"excerpt":{"rendered":"<p>EVOOLEUM APP DESCRIPTION Discover the world\u2019s best EVOOs and all there is to know about extra virgin olive oils! MORE INFORMATION Prefaced by the World&#8217;s most renowed chefs, the app of the EVOOLEUM World\u2019s TOP100 Extra Virgin Olive Oils Guide introduces the exclusive TOP100 EVOOs, or in other words, the best 100 extra virgin olive [&hellip;]<\/p>\n","protected":false},"author":1,"featured_media":0,"parent":0,"menu_order":58,"comment_status":"closed","ping_status":"closed","template":"","meta":{"_acf_changed":false,"_et_pb_use_builder":"on","_et_pb_old_content":"<p>[et_pb_section bb_built=\"1\" fullwidth=\"on\" _builder_version=\"3.0.47\" next_background_color=\"#000000\"][et_pb_fullwidth_image src=\"https:\/\/www.evooleum.com\/wp-content\/uploads\/2017\/12\/web_app2.jpg\" _builder_version=\"3.0.90\" animation_style=\"slide\" animation_direction=\"left\"]<br \/>[\/et_pb_fullwidth_image][\/et_pb_section][et_pb_section bb_built=\"1\" _builder_version=\"3.0.101\" prev_background_color=\"#000000\"][et_pb_row custom_padding=\"0px|0px|0px|0px\" _builder_version=\"3.0.101\" background_size=\"initial\" background_position=\"top_left\" background_repeat=\"repeat\"][et_pb_column type=\"4_4\"][et_pb_text _builder_version=\"3.0.101\" text_font=\"||||||||\" text_orientation=\"center\" module_alignment=\"center\"]<\/p><h1 id=\"subrayado\">EVOOLEUM APP<\/h1><p>[\/et_pb_text][\/et_pb_column][\/et_pb_row][et_pb_row custom_padding=\"3px|0px|57.0833px|0px\" _builder_version=\"3.0.47\" background_size=\"initial\" background_position=\"top_left\" background_repeat=\"repeat\"][et_pb_column type=\"1_2\"][et_pb_text _builder_version=\"3.0.101\" background_size=\"initial\" background_position=\"top_left\" background_repeat=\"repeat\" background_layout=\"light\"]<\/p><p><strong>DESCRIPCI\u00d3N<\/strong><\/p><p>\u00a1Conozca cu\u00e1les son los 100 mejores AOVEs del mundo y todo lo relacionado con la cultura del virgen extra!<\/p><p><strong>M\u00c1S INFORMACI\u00d3N<\/strong><\/p><p>Prologada por el chef m\u00e1s influyente del mundo, Jos\u00e9 Andr\u00e9s, la <em>app<\/em> de la <em>Gu\u00eda EVOOLEUM World\u2019s TOP100 Extra Virgin Olive Oils<\/em> presenta el exclusivo EVOO TOP100, o lo que es lo mismo, los 100 mejores AOVEs del mundo seg\u00fan los resultados obtenidos en los Premios Internacionales a la Calidad del Aceite de Oliva VirgenExtra EVOOLEUM Awards, organizados por Mercacei y AEMO. Un concurso que, adem\u00e1s de destacar por su absoluto rigor y fiabilidad, ha contado con el jurado o Panel de Cata m\u00e1s espectacular que existe en la actualidad, probablemente el mejor grupo de catadores internacionales nunca antes reunido.<\/p><p>Para facilitar una lectura f\u00e1cil e intuitiva, la Gu\u00eda EVOOLEUM ha creado m\u00e1s de 30 s\u00edmbolos e iconos interpretativos que hacen referencia a la puntuaci\u00f3n obtenida por cada zumo, su procedencia, la Denominaci\u00f3n de Origen Protegida (DOP) o Indicaci\u00f3n Geogr\u00e1fica Protegida (IGP) a la que pertenece, la variedad de aceituna de la que se obtiene, el tipo de envase en el que se presenta, el volumen de producci\u00f3n y el sistema -y momento- de la recolecci\u00f3n, la singularidad del entorno donde se ubica el olivar, el tipo de cultivo y de plantaci\u00f3n, el sistema de producci\u00f3n, la nota de cata y el maridaje; sin olvidar aquellos zumos que poseen certificaci\u00f3n Kosher y Halal.<\/p><p>La aplicaci\u00f3n -para smartphones o tabletas, disponible de forma gratuita para iOS y Android en castellano e ingl\u00e9s- permite adem\u00e1s realizar b\u00fasquedas por pa\u00eds, puntuaci\u00f3n obtenida en el concurso, categor\u00eda (mejor monovarietal, coupage, frutado verde, frutado maduro, producci\u00f3n ecol\u00f3gica, dise\u00f1o de packaging)\u2026 o descubrir el exclusivo TOP10 de los diez mejores AOVEs del mundo seg\u00fan los resultados del concurso EVOOLEUM Awards.<\/p><p>\u00bfCon qu\u00e9 AOVE deber\u00eda cocinar un pescado a la brasa? \u00bfLe ir\u00eda mejor un arbequino o un hojiblanco a mi ensalada de tomate y aguacate? Las respuestas se hallan en la <em>app<\/em> de EVOOLEUM, pues cada zumo del TOP100 va acompa\u00f1ado de los alimentos con los que mejor marida. Y todo ello con un dise\u00f1o moderno e intuitivo que destaca por su navegabilidad y facilidad de uso, permitiendo localizar r\u00e1pidamente y sin inc\u00f3modos atajos el apartado de nuestro inter\u00e9s, sin olvidar otros poderosos contenidos exclusivos relacionados con el fascinante mundo del virgen extra y su cultura: gastronom\u00eda, el arte de la cata, la olivicultura internacional, el an\u00e1lisis de la evoluci\u00f3n de la producci\u00f3n mundial de aceite de oliva, las mejores tiendas de AOVE, oleoturismo, AOVE y salud, diccionario ole\u00edcola\u2026 todo para empaparse a fondo de la maravillosa cultura del virgen extra. Un viaje apasionante al alcance de tu mano.<\/p><p>[\/et_pb_text][\/et_pb_column][et_pb_column type=\"1_2\"][et_pb_image src=\"https:\/\/www.evooleum.com\/wp-content\/uploads\/2016\/12\/android-2018.png\" _builder_version=\"3.0.83\"]<\/p><p>\u00a0<\/p><p>[\/et_pb_image][et_pb_text _builder_version=\"3.0.91\" text_font=\"||||||||\" text_orientation=\"center\" module_alignment=\"center\"]<\/p><p><a title=\"Ir a APP EVOOLEUM en Google Play\" href=\"https:\/\/play.google.com\/store\/apps\/details?id=com.qastusoft.evooleum2018\" target=\"_blank\" rel=\"noopener noreferrer\"><img class=\"wp-image-1530 alignnone size-full\" src=\"https:\/\/www.evooleum.com\/wp-content\/uploads\/2016\/12\/andr_store_es.jpg\" alt=\"Ir a APP Evooleum en Google Play\" width=\"135\" height=\"40\" \/><\/a><a title=\"Ir a APP EVOOLEUM en App Store\" href=\"https:\/\/itunes.apple.com\/es\/app\/evooleum-2018\/id1280881717?mt=8\" target=\"_blank\" rel=\"noopener noreferrer\"><img class=\"wp-image-1524 alignnone size-full\" src=\"https:\/\/www.evooleum.com\/wp-content\/uploads\/2016\/12\/apll_store_es.jpg\" alt=\"Ir a APP Evooleum en App Store\" width=\"135\" height=\"40\" \/><\/a><\/p><p>[\/et_pb_text][\/et_pb_column][\/et_pb_row][\/et_pb_section]<\/p>","_et_gb_content_width":"","footnotes":""},"class_list":["post-1537","page","type-page","status-publish","hentry"],"acf":[],"yoast_head":"<!-- This site is optimized with the Yoast SEO plugin v27.4 - https:\/\/yoast.com\/product\/yoast-seo-wordpress\/ -->\n<title>Application - EVOOLEUM<\/title>\n<meta name=\"robots\" content=\"index, follow, max-snippet:-1, max-image-preview:large, max-video-preview:-1\" \/>\n<link rel=\"canonical\" href=\"https:\/\/www.evooleum.com\/en\/application\/\" \/>\n<meta property=\"og:locale\" content=\"en_US\" \/>\n<meta property=\"og:type\" content=\"article\" \/>\n<meta property=\"og:title\" content=\"Application - EVOOLEUM\" \/>\n<meta property=\"og:description\" content=\"EVOOLEUM APP DESCRIPTION Discover the world\u2019s best EVOOs and all there is to know about extra virgin olive oils! MORE INFORMATION Prefaced by the World&#039;s most renowed chefs, the app of the EVOOLEUM World\u2019s TOP100 Extra Virgin Olive Oils Guide introduces the exclusive TOP100 EVOOs, or in other words, the best 100 extra virgin olive [&hellip;]\" \/>\n<meta property=\"og:url\" content=\"https:\/\/www.evooleum.com\/en\/application\/\" \/>\n<meta property=\"og:site_name\" content=\"EVOOLEUM\" \/>\n<meta property=\"article:modified_time\" content=\"2025-12-19T08:40:38+00:00\" \/>\n<meta property=\"og:image\" content=\"https:\/\/www.evooleum.com\/wp-content\/uploads\/2016\/12\/andr_store_es.jpg\" \/>\n<meta name=\"twitter:card\" content=\"summary_large_image\" \/>\n<meta name=\"twitter:label1\" content=\"Est. reading time\" \/>\n\t<meta name=\"twitter:data1\" content=\"3 minutes\" \/>\n<script type=\"application\/ld+json\" class=\"yoast-schema-graph\">{\"@context\":\"https:\\\/\\\/schema.org\",\"@graph\":[{\"@type\":\"WebPage\",\"@id\":\"https:\\\/\\\/www.evooleum.com\\\/en\\\/application\\\/\",\"url\":\"https:\\\/\\\/www.evooleum.com\\\/en\\\/application\\\/\",\"name\":\"Application - EVOOLEUM\",\"isPartOf\":{\"@id\":\"https:\\\/\\\/www.evooleum.com\\\/en\\\/#website\"},\"primaryImageOfPage\":{\"@id\":\"https:\\\/\\\/www.evooleum.com\\\/en\\\/application\\\/#primaryimage\"},\"image\":{\"@id\":\"https:\\\/\\\/www.evooleum.com\\\/en\\\/application\\\/#primaryimage\"},\"thumbnailUrl\":\"https:\\\/\\\/www.evooleum.com\\\/wp-content\\\/uploads\\\/2016\\\/12\\\/andr_store_es.jpg\",\"datePublished\":\"2016-12-21T17:47:32+00:00\",\"dateModified\":\"2025-12-19T08:40:38+00:00\",\"breadcrumb\":{\"@id\":\"https:\\\/\\\/www.evooleum.com\\\/en\\\/application\\\/#breadcrumb\"},\"inLanguage\":\"en-US\",\"potentialAction\":[{\"@type\":\"ReadAction\",\"target\":[\"https:\\\/\\\/www.evooleum.com\\\/en\\\/application\\\/\"]}]},{\"@type\":\"ImageObject\",\"inLanguage\":\"en-US\",\"@id\":\"https:\\\/\\\/www.evooleum.com\\\/en\\\/application\\\/#primaryimage\",\"url\":\"https:\\\/\\\/www.evooleum.com\\\/wp-content\\\/uploads\\\/2016\\\/12\\\/andr_store_es.jpg\",\"contentUrl\":\"https:\\\/\\\/www.evooleum.com\\\/wp-content\\\/uploads\\\/2016\\\/12\\\/andr_store_es.jpg\"},{\"@type\":\"BreadcrumbList\",\"@id\":\"https:\\\/\\\/www.evooleum.com\\\/en\\\/application\\\/#breadcrumb\",\"itemListElement\":[{\"@type\":\"ListItem\",\"position\":1,\"name\":\"Portada\",\"item\":\"https:\\\/\\\/www.evooleum.com\\\/en\\\/\"},{\"@type\":\"ListItem\",\"position\":2,\"name\":\"Application\"}]},{\"@type\":\"WebSite\",\"@id\":\"https:\\\/\\\/www.evooleum.com\\\/en\\\/#website\",\"url\":\"https:\\\/\\\/www.evooleum.com\\\/en\\\/\",\"name\":\"EVOOLEUM\",\"description\":\"El Concurso Internacional que recoge los 100 mejores AOVEs del mundo en una gu\u00eda\",\"potentialAction\":[{\"@type\":\"SearchAction\",\"target\":{\"@type\":\"EntryPoint\",\"urlTemplate\":\"https:\\\/\\\/www.evooleum.com\\\/en\\\/?s={search_term_string}\"},\"query-input\":{\"@type\":\"PropertyValueSpecification\",\"valueRequired\":true,\"valueName\":\"search_term_string\"}}],\"inLanguage\":\"en-US\"}]}<\/script>\n<!-- \/ Yoast SEO plugin. -->","yoast_head_json":{"title":"Application - EVOOLEUM","robots":{"index":"index","follow":"follow","max-snippet":"max-snippet:-1","max-image-preview":"max-image-preview:large","max-video-preview":"max-video-preview:-1"},"canonical":"https:\/\/www.evooleum.com\/en\/application\/","og_locale":"en_US","og_type":"article","og_title":"Application - EVOOLEUM","og_description":"EVOOLEUM APP DESCRIPTION Discover the world\u2019s best EVOOs and all there is to know about extra virgin olive oils! MORE INFORMATION Prefaced by the World's most renowed chefs, the app of the EVOOLEUM World\u2019s TOP100 Extra Virgin Olive Oils Guide introduces the exclusive TOP100 EVOOs, or in other words, the best 100 extra virgin olive [&hellip;]","og_url":"https:\/\/www.evooleum.com\/en\/application\/","og_site_name":"EVOOLEUM","article_modified_time":"2025-12-19T08:40:38+00:00","og_image":[{"url":"https:\/\/www.evooleum.com\/wp-content\/uploads\/2016\/12\/andr_store_es.jpg","type":"","width":"","height":""}],"twitter_card":"summary_large_image","twitter_misc":{"Est. reading time":"3 minutes"},"schema":{"@context":"https:\/\/schema.org","@graph":[{"@type":"WebPage","@id":"https:\/\/www.evooleum.com\/en\/application\/","url":"https:\/\/www.evooleum.com\/en\/application\/","name":"Application - EVOOLEUM","isPartOf":{"@id":"https:\/\/www.evooleum.com\/en\/#website"},"primaryImageOfPage":{"@id":"https:\/\/www.evooleum.com\/en\/application\/#primaryimage"},"image":{"@id":"https:\/\/www.evooleum.com\/en\/application\/#primaryimage"},"thumbnailUrl":"https:\/\/www.evooleum.com\/wp-content\/uploads\/2016\/12\/andr_store_es.jpg","datePublished":"2016-12-21T17:47:32+00:00","dateModified":"2025-12-19T08:40:38+00:00","breadcrumb":{"@id":"https:\/\/www.evooleum.com\/en\/application\/#breadcrumb"},"inLanguage":"en-US","potentialAction":[{"@type":"ReadAction","target":["https:\/\/www.evooleum.com\/en\/application\/"]}]},{"@type":"ImageObject","inLanguage":"en-US","@id":"https:\/\/www.evooleum.com\/en\/application\/#primaryimage","url":"https:\/\/www.evooleum.com\/wp-content\/uploads\/2016\/12\/andr_store_es.jpg","contentUrl":"https:\/\/www.evooleum.com\/wp-content\/uploads\/2016\/12\/andr_store_es.jpg"},{"@type":"BreadcrumbList","@id":"https:\/\/www.evooleum.com\/en\/application\/#breadcrumb","itemListElement":[{"@type":"ListItem","position":1,"name":"Portada","item":"https:\/\/www.evooleum.com\/en\/"},{"@type":"ListItem","position":2,"name":"Application"}]},{"@type":"WebSite","@id":"https:\/\/www.evooleum.com\/en\/#website","url":"https:\/\/www.evooleum.com\/en\/","name":"EVOOLEUM","description":"El Concurso Internacional que recoge los 100 mejores AOVEs del mundo en una gu\u00eda","potentialAction":[{"@type":"SearchAction","target":{"@type":"EntryPoint","urlTemplate":"https:\/\/www.evooleum.com\/en\/?s={search_term_string}"},"query-input":{"@type":"PropertyValueSpecification","valueRequired":true,"valueName":"search_term_string"}}],"inLanguage":"en-US"}]}},"_links":{"self":[{"href":"https:\/\/www.evooleum.com\/en\/wp-json\/wp\/v2\/pages\/1537","targetHints":{"allow":["GET"]}}],"collection":[{"href":"https:\/\/www.evooleum.com\/en\/wp-json\/wp\/v2\/pages"}],"about":[{"href":"https:\/\/www.evooleum.com\/en\/wp-json\/wp\/v2\/types\/page"}],"author":[{"embeddable":true,"href":"https:\/\/www.evooleum.com\/en\/wp-json\/wp\/v2\/users\/1"}],"replies":[{"embeddable":true,"href":"https:\/\/www.evooleum.com\/en\/wp-json\/wp\/v2\/comments?post=1537"}],"version-history":[{"count":3,"href":"https:\/\/www.evooleum.com\/en\/wp-json\/wp\/v2\/pages\/1537\/revisions"}],"predecessor-version":[{"id":26232,"href":"https:\/\/www.evooleum.com\/en\/wp-json\/wp\/v2\/pages\/1537\/revisions\/26232"}],"wp:attachment":[{"href":"https:\/\/www.evooleum.com\/en\/wp-json\/wp\/v2\/media?parent=1537"}],"curies":[{"name":"wp","href":"https:\/\/api.w.org\/{rel}","templated":true}]}}