{"id":3368,"date":"2017-10-24T16:10:43","date_gmt":"2017-10-24T16:10:43","guid":{"rendered":"https:\/\/www.evooleum.com\/quienes-somos\/"},"modified":"2017-12-15T11:46:08","modified_gmt":"2017-12-15T11:46:08","slug":"about-us","status":"publish","type":"page","link":"https:\/\/www.evooleum.com\/en\/about-us\/","title":{"rendered":"About us"},"content":{"rendered":"<p>[et_pb_section bb_built=&#8221;1&#8243; background_color=&#8221;#8e7725&#8243; fullwidth=&#8221;on&#8221; _builder_version=&#8221;3.0.89&#8243;][et_pb_fullwidth_header title=&#8221;ABOUT US&#8221; background_layout=&#8221;dark&#8221; text_orientation=&#8221;center&#8221; header_fullscreen=&#8221;on&#8221; header_scroll_down=&#8221;on&#8221; scroll_down_icon_color=&#8221;#ffffff&#8221; _builder_version=&#8221;3.0.90&#8243; background_image=&#8221;https:\/\/www.evooleum.com\/wp-content\/uploads\/2017\/12\/qsomos2.jpg&#8221; animation_style=&#8221;fade&#8221; animation_duration=&#8221;1850ms&#8221; custom_css_title=&#8221; border-color: #373432;|| border-bottom: 8px solid;|| display: inline-table;&#8221; image_orientation=&#8221;center&#8221; content_orientation=&#8221;center&#8221; custom_button_one=&#8221;off&#8221; button_one_icon_placement=&#8221;right&#8221; custom_button_two=&#8221;off&#8221; button_two_icon_placement=&#8221;right&#8221; \/][\/et_pb_section][et_pb_section bb_built=&#8221;1&#8243; _builder_version=&#8221;3.0.47&#8243;][et_pb_row _builder_version=&#8221;3.0.47&#8243; background_size=&#8221;initial&#8221; background_position=&#8221;top_left&#8221; background_repeat=&#8221;repeat&#8221; custom_padding=&#8221;0px|0px|57.0833px|0px&#8221;][et_pb_column type=&#8221;1_2&#8243;][et_pb_text _builder_version=&#8221;3.0.91&#8243; background_layout=&#8221;light&#8221;]<\/p>\n<p><img loading=\"lazy\" decoding=\"async\" class=\"aligncenter wp-image-3885\" src=\"https:\/\/www.evooleum.com\/wp-content\/uploads\/2017\/12\/logo_mercacei.jpg\" alt=\"\" width=\"364\" height=\"104\" \/><\/p>\n<p>Ever since 1994, the editorial Group Mercacei-Edimarket Editores has specialized in publishing professional publications for the olive oil, table olives and olive growing sectors, as well as the Premium EVOO section. Formed by a solid team of professionals with broad experience in the agri-food sector, Mercacei also integrates noted authors who are prominent experts, and other contributors from around the world.<\/p>\n<p>As the undisputable leader of this sector, the group offers -by ways of different media and publications- the most rigorous and professional information, while at the same time taking on the important labor of promoting this healthy and delicious foodstuff, that is, without a doubt, one of the cornerstones of the Mediterranean Diet. All of this fuels one unique goal: to become an indispensable work tool and reference point for the olive oil sector, always employing objectivity, quality and informative rigor as the fundamentals of their activity.<\/p>\n<p>[\/et_pb_text][et_pb_image src=&#8221;https:\/\/www.evooleum.com\/wp-content\/uploads\/2017\/11\/equipo_qsopmos.jpg&#8221; _builder_version=&#8221;3.0.89&#8243;]<\/p>\n<p>&nbsp;<\/p>\n<p>[\/et_pb_image][et_pb_text _builder_version=&#8221;3.0.89&#8243; background_layout=&#8221;light&#8221;]<\/p>\n<p>The Spanish Association of Olive Producing Municipalities (AEMO \u2013 Spanish acronym) congregates more than 120 municipalities and olive farming provinces from around Spain, who consider the olive to be their hallmark. It also includes, as supportive partners, seven Protected Designations of Origin. Ever since its foundation in 1996, the Association has been centered on the labor of enhancing the value of the fruit of the olive tree -olive oil and table olives- and on the diffusion of the culture of olives and its flagship, extra virgin olive oil, as well as the defense of a decent income for olive farmers.<\/p>\n<p>The technical team at AEMO is broadly experienced in the organization and coordination of prizes for quality in EVOOs, as well as the management of tasting panels, where it is an active member of national and international juries. Thus, it participates yearly in competitions for quality in EVOOs organized by the Diputaci\u00f3n Provincial de C\u00f3rdoba and the Diputaci\u00f3n Provincial de Sevilla (the Provincial Governments of C\u00f3rdoba and Seville), BioC\u00f3rdoba, Sierra M\u00e1gina PDO, TerraOlivo (from Israel) or the \u201cPremio Patrimonio Comunal Olivarero\u201d (Communal Olive Growers Patrimony Prize) in Montoro (C\u00f3rdoba). As well, the Association convokes their own prizes yearly, distinguishing the Best Olive-Mill in Spain, the Best Diffusion of Olive Culture and the Best Monumental Olive Tree in Spain.<\/p>\n<p><a href=\"https:\/\/www.evooleum.com\/wp-content\/uploads\/2017\/10\/quienessomos_02.jpg\"><img loading=\"lazy\" decoding=\"async\" class=\"size-full wp-image-2209 aligncenter\" src=\"https:\/\/www.evooleum.com\/wp-content\/uploads\/2017\/10\/quienessomos_02.jpg\" alt=\"\" width=\"200\" height=\"135\" \/><\/a><\/p>\n<p>[\/et_pb_text][\/et_pb_column][et_pb_column type=&#8221;1_2&#8243;][et_pb_image src=&#8221;https:\/\/www.evooleum.com\/wp-content\/uploads\/2017\/10\/quienes_somos-1.jpg&#8221; _builder_version=&#8221;3.0.84&#8243;]<\/p>\n<p>&nbsp;<\/p>\n<p>[\/et_pb_image][et_pb_text _builder_version=&#8221;3.0.89&#8243; background_layout=&#8221;light&#8221;]<\/p>\n<p>At the present moment, it accounts for diverse publications of different periodicity, endowing all operators in this sector with the best informative tools for optimizing the development of their professional activities: Mercacei Newsletter (weekly), Mercacei Magazine (quarterly), Olivatessen by Mercacei (annually and in English), EVOOLEUM World\u2019s Top100 Extra Virgin Olive Oils Guide (annually, and in a bi-lingual Spanish\/English edition), Olive Oil Companies and Brands Guide (biennial) and Industry Guide for the Olive and Olive Growing Sector) (biennial).<\/p>\n<p>Throughout a career of more than two decades, Mercacei has been awarded with more than twenty distinctions by different institutions, organisms and associations related to the olive oil, olive grove and table olive sector, such as -amongst- the Prize \u2018Alimentos de Espa\u00f1a\u2019 for Communication (Spanish Foodstuffs Prize for Communication), awarded by the Ministry of Agriculture, Fisheries, Food and Environment (Mapama \u2013 its Spanish acronym), and the \u201cPremio a la Internacionalizaci\u00f3n de la Asociaci\u00f3n Espa\u00f1ola de Editoriales de Publicaciones Peri\u00f3dicas\u201d (Prize for the Internationalization of the Spanish Association of Periodical Publishers)\u201d (AEEPP \u2013 Spanish acronym).<\/p>\n<p>[\/et_pb_text][et_pb_image src=&#8221;https:\/\/www.evooleum.com\/wp-content\/uploads\/2017\/10\/quienessomos_01-2.jpg&#8221; _builder_version=&#8221;3.0.84&#8243;]<\/p>\n<p>&nbsp;<\/p>\n<p>[\/et_pb_image][\/et_pb_column][\/et_pb_row][\/et_pb_section]<\/p>\n","protected":false},"excerpt":{"rendered":"<p>Ever since 1994, the editorial Group Mercacei-Edimarket Editores has specialized in publishing professional publications for the olive oil, table olives and olive growing sectors, as well as the Premium EVOO section. Formed by a solid team of professionals with broad experience in the agri-food sector, Mercacei also integrates noted authors who are prominent experts, and [&hellip;]<\/p>\n","protected":false},"author":1,"featured_media":0,"parent":0,"menu_order":37,"comment_status":"closed","ping_status":"closed","template":"","meta":{"_acf_changed":false,"_et_pb_use_builder":"on","_et_pb_old_content":"<p>[et_pb_section bb_built=\"1\" background_color=\"#8e7725\" fullwidth=\"on\" _builder_version=\"3.0.89\"][et_pb_fullwidth_header title=\"QUI\u00c9NES SOMOS\" background_layout=\"dark\" text_orientation=\"center\" header_fullscreen=\"on\" header_scroll_down=\"on\" scroll_down_icon_color=\"#ffffff\" _builder_version=\"3.0.90\" background_image=\"https:\/\/www.evooleum.com\/wp-content\/uploads\/2017\/12\/qsomos2.jpg\" animation_style=\"fade\" animation_duration=\"1850ms\" custom_css_title=\" border-color: #373432;|| border-bottom: 8px solid;|| display: inline-table;\"]<\/p><p>\u00a0<\/p><p>[\/et_pb_fullwidth_header][\/et_pb_section][et_pb_section bb_built=\"1\" _builder_version=\"3.0.47\"][et_pb_row custom_padding=\"0px|0px|57.0833px|0px\" _builder_version=\"3.0.47\" background_size=\"initial\" background_position=\"top_left\" background_repeat=\"repeat\"][et_pb_column type=\"1_2\"][et_pb_text _builder_version=\"3.0.91\" background_layout=\"light\"]<\/p><p><img class=\"aligncenter wp-image-3884\" src=\"https:\/\/www.evooleum.com\/wp-content\/uploads\/2017\/12\/logo_mercacei.jpg\" alt=\"\" width=\"342\" height=\"101\" \/><\/p><p>Desde 1994, el grupo editorial Mercacei-Edimarket Editores est\u00e1 especializado en la edici\u00f3n de publicaciones profesionales dirigidas al sector del aceite de oliva, olivar y aceituna de mesa, as\u00ed como al segmento de los AOVEs Premium. Integrado por un s\u00f3lido equipo de profesionales con amplia experiencia en el sector agroalimentario, Mercacei cuenta adem\u00e1s con la firma de destacados expertos y colaboradores a nivel mundial.<\/p><p>L\u00edder indiscutible dentro de su sector, el grupo ofrece -a trav\u00e9s de sus diferentes medios y publicaciones- la informaci\u00f3n m\u00e1s rigurosa y profesional, al tiempo que lleva a cabo una important\u00edsima labor de promoci\u00f3n de este alimento saludable y delicioso que sin duda constituye una de las piedras angulares de la Dieta Mediterr\u00e1nea. Y todo ello alimentando un \u00fanico objetivo: convertirse en una herramienta de trabajo imprescindible y de referencia al servicio del sector del aceite de oliva, siempre con la objetividad, la calidad y el rigor informativo como pilares de su actividad.<\/p><p>[\/et_pb_text][et_pb_image src=\"https:\/\/www.evooleum.com\/wp-content\/uploads\/2017\/11\/equipo_qsopmos.jpg\" _builder_version=\"3.0.89\"]<\/p><p>\u00a0<\/p><p>[\/et_pb_image][et_pb_text _builder_version=\"3.0.91\"]<\/p><p>La Asociaci\u00f3n Espa\u00f1ola de Municipios del Olivo congrega a m\u00e1s de 120 municipios y provincias olivareras de toda Espa\u00f1a que encuentran en el olivo su se\u00f1a de identidad. Adem\u00e1s, cuenta con siete Denominaciones de Origen Protegidas como socios colaboradores. Desde su fundaci\u00f3n a finales de 1996, la labor que viene desarrollando la Asociaci\u00f3n -que preside actualmente la Red de Ciudades Ole\u00edcolas del Mediterr\u00e1neo (Recomed)- se centra en la valorizaci\u00f3n de los frutos del olivar -aceites de oliva y aceituna de mesa- y en la difusi\u00f3n de la cultura del olivo y su buque insignia, el aceite de oliva virgen extra, defendiendo una renta digna para los olivicultores.<\/p><p>El equipo t\u00e9cnico de AEMO cuenta con una amplia experiencia en la organizaci\u00f3n y coordinaci\u00f3n de premios a la calidad de los AOVEs, as\u00ed como en la gesti\u00f3n de paneles de cata, formando parte activamente en jurados nacionales e internacionales. As\u00ed, participa cada a\u00f1o en los concursos a la calidad del AOVE de la Diputaci\u00f3n Provincial de C\u00f3rdoba, de la Diputaci\u00f3n Provincial de Sevilla, BioC\u00f3rdoba, DOP Sierra M\u00e1gina, TerraOlivo (Israel) o el Premio Patrimonio Comunal Olivarero, que se entrega cada dos a\u00f1os en la Feria del Olivo de Montoro (C\u00f3rdoba). Adem\u00e1s, la Asociaci\u00f3n convoca cada a\u00f1o sus propios premios a la Mejor Almazara de Espa\u00f1a, a la Mejor Difusi\u00f3n de la Cultura del Olivo y al Mejor Olivo Monumental de Espa\u00f1a.<\/p><p><a href=\"https:\/\/www.evooleum.com\/wp-content\/uploads\/2017\/10\/quienessomos_02.jpg\"><img class=\"size-full wp-image-2209 aligncenter\" src=\"https:\/\/www.evooleum.com\/wp-content\/uploads\/2017\/10\/quienessomos_02.jpg\" alt=\"\" width=\"200\" height=\"135\" \/><\/a><\/p><p>[\/et_pb_text][\/et_pb_column][et_pb_column type=\"1_2\"][et_pb_image src=\"https:\/\/www.evooleum.com\/wp-content\/uploads\/2017\/10\/quienes_somos-1.jpg\" _builder_version=\"3.0.84\"]<\/p><p>\u00a0<\/p><p>[\/et_pb_image][et_pb_text _builder_version=\"3.0.84\"]<\/p><p>En la actualidad, cuenta con diversas publicaciones de distinta periodicidad que le permiten dotar a todos los operadores del sector de las mejores herramientas informativas para el \u00f3ptimo desarrollo de su actividad profesional: Mercacei Newsletter (semanal), Mercacei Magazine (trimestral), Olivatessen by Mercacei (anual y en ingl\u00e9s), Gu\u00eda EVOOLEUM World\u2019s TOP100 Extra Virgin Olive Oils (anual y en edici\u00f3n biling\u00fce espa\u00f1ol-ingl\u00e9s), Gu\u00eda Mercacei de Fabricantes y Envasadores de Aceite de Oliva (bienal) y Gu\u00eda Industrial del Sector Ole\u00edcola y Olivarero (bienal).<\/p><p>A lo largo de sus m\u00e1s de dos d\u00e9cadas de trayectoria, Mercacei ha sido acreedora de m\u00e1s de una veintena de galardones otorgados por diferentes instituciones, organismos y asociaciones relacionadas con el sector del aceite de oliva, el olivar y la aceituna de mesa, entre ellos el Premio Alimentos de Espa\u00f1a de Comunicaci\u00f3n, otorgado por el Ministerio de Agricultura y Pesca, Alimentaci\u00f3n y Medio Ambiente (Mapama), y el Premio a la Internacionalizaci\u00f3n de la Asociaci\u00f3n Espa\u00f1ola de Editoriales de Publicaciones Peri\u00f3dicas (AEEPP).<\/p><p>[\/et_pb_text][et_pb_image src=\"https:\/\/www.evooleum.com\/wp-content\/uploads\/2017\/10\/quienessomos_01-2.jpg\" _builder_version=\"3.0.84\"]<\/p><p>\u00a0<\/p><p>[\/et_pb_image][\/et_pb_column][\/et_pb_row][\/et_pb_section]<\/p>","_et_gb_content_width":"","footnotes":""},"class_list":["post-3368","page","type-page","status-publish","hentry"],"acf":[],"yoast_head":"<!-- This site is optimized with the Yoast SEO plugin v27.4 - https:\/\/yoast.com\/product\/yoast-seo-wordpress\/ -->\n<title>About us - EVOOLEUM<\/title>\n<meta name=\"robots\" content=\"index, follow, max-snippet:-1, max-image-preview:large, max-video-preview:-1\" \/>\n<link rel=\"canonical\" href=\"https:\/\/www.evooleum.com\/en\/about-us\/\" \/>\n<meta property=\"og:locale\" content=\"en_US\" \/>\n<meta property=\"og:type\" content=\"article\" \/>\n<meta property=\"og:title\" content=\"About us - EVOOLEUM\" \/>\n<meta property=\"og:description\" content=\"Ever since 1994, the editorial Group Mercacei-Edimarket Editores has specialized in publishing professional publications for the olive oil, table olives and olive growing sectors, as well as the Premium EVOO section. Formed by a solid team of professionals with broad experience in the agri-food sector, Mercacei also integrates noted authors who are prominent experts, and [&hellip;]\" \/>\n<meta property=\"og:url\" content=\"https:\/\/www.evooleum.com\/en\/about-us\/\" \/>\n<meta property=\"og:site_name\" content=\"EVOOLEUM\" \/>\n<meta property=\"article:modified_time\" content=\"2017-12-15T11:46:08+00:00\" \/>\n<meta property=\"og:image\" content=\"https:\/\/www.evooleum.com\/wp-content\/uploads\/2017\/12\/logo_mercacei.jpg\" \/>\n<meta name=\"twitter:card\" content=\"summary_large_image\" \/>\n<meta name=\"twitter:label1\" content=\"Est. reading time\" \/>\n\t<meta name=\"twitter:data1\" content=\"4 minutes\" \/>\n<script type=\"application\/ld+json\" class=\"yoast-schema-graph\">{\"@context\":\"https:\\\/\\\/schema.org\",\"@graph\":[{\"@type\":\"WebPage\",\"@id\":\"https:\\\/\\\/www.evooleum.com\\\/en\\\/about-us\\\/\",\"url\":\"https:\\\/\\\/www.evooleum.com\\\/en\\\/about-us\\\/\",\"name\":\"About us - EVOOLEUM\",\"isPartOf\":{\"@id\":\"https:\\\/\\\/www.evooleum.com\\\/en\\\/#website\"},\"primaryImageOfPage\":{\"@id\":\"https:\\\/\\\/www.evooleum.com\\\/en\\\/about-us\\\/#primaryimage\"},\"image\":{\"@id\":\"https:\\\/\\\/www.evooleum.com\\\/en\\\/about-us\\\/#primaryimage\"},\"thumbnailUrl\":\"https:\\\/\\\/www.evooleum.com\\\/wp-content\\\/uploads\\\/2017\\\/12\\\/logo_mercacei.jpg\",\"datePublished\":\"2017-10-24T16:10:43+00:00\",\"dateModified\":\"2017-12-15T11:46:08+00:00\",\"breadcrumb\":{\"@id\":\"https:\\\/\\\/www.evooleum.com\\\/en\\\/about-us\\\/#breadcrumb\"},\"inLanguage\":\"en-US\",\"potentialAction\":[{\"@type\":\"ReadAction\",\"target\":[\"https:\\\/\\\/www.evooleum.com\\\/en\\\/about-us\\\/\"]}]},{\"@type\":\"ImageObject\",\"inLanguage\":\"en-US\",\"@id\":\"https:\\\/\\\/www.evooleum.com\\\/en\\\/about-us\\\/#primaryimage\",\"url\":\"https:\\\/\\\/www.evooleum.com\\\/wp-content\\\/uploads\\\/2017\\\/12\\\/logo_mercacei.jpg\",\"contentUrl\":\"https:\\\/\\\/www.evooleum.com\\\/wp-content\\\/uploads\\\/2017\\\/12\\\/logo_mercacei.jpg\"},{\"@type\":\"BreadcrumbList\",\"@id\":\"https:\\\/\\\/www.evooleum.com\\\/en\\\/about-us\\\/#breadcrumb\",\"itemListElement\":[{\"@type\":\"ListItem\",\"position\":1,\"name\":\"Portada\",\"item\":\"https:\\\/\\\/www.evooleum.com\\\/en\\\/\"},{\"@type\":\"ListItem\",\"position\":2,\"name\":\"About us\"}]},{\"@type\":\"WebSite\",\"@id\":\"https:\\\/\\\/www.evooleum.com\\\/en\\\/#website\",\"url\":\"https:\\\/\\\/www.evooleum.com\\\/en\\\/\",\"name\":\"EVOOLEUM\",\"description\":\"El Concurso Internacional que recoge los 100 mejores AOVEs del mundo en una gu\u00eda\",\"potentialAction\":[{\"@type\":\"SearchAction\",\"target\":{\"@type\":\"EntryPoint\",\"urlTemplate\":\"https:\\\/\\\/www.evooleum.com\\\/en\\\/?s={search_term_string}\"},\"query-input\":{\"@type\":\"PropertyValueSpecification\",\"valueRequired\":true,\"valueName\":\"search_term_string\"}}],\"inLanguage\":\"en-US\"}]}<\/script>\n<!-- \/ Yoast SEO plugin. -->","yoast_head_json":{"title":"About us - EVOOLEUM","robots":{"index":"index","follow":"follow","max-snippet":"max-snippet:-1","max-image-preview":"max-image-preview:large","max-video-preview":"max-video-preview:-1"},"canonical":"https:\/\/www.evooleum.com\/en\/about-us\/","og_locale":"en_US","og_type":"article","og_title":"About us - EVOOLEUM","og_description":"Ever since 1994, the editorial Group Mercacei-Edimarket Editores has specialized in publishing professional publications for the olive oil, table olives and olive growing sectors, as well as the Premium EVOO section. Formed by a solid team of professionals with broad experience in the agri-food sector, Mercacei also integrates noted authors who are prominent experts, and [&hellip;]","og_url":"https:\/\/www.evooleum.com\/en\/about-us\/","og_site_name":"EVOOLEUM","article_modified_time":"2017-12-15T11:46:08+00:00","og_image":[{"url":"https:\/\/www.evooleum.com\/wp-content\/uploads\/2017\/12\/logo_mercacei.jpg","type":"","width":"","height":""}],"twitter_card":"summary_large_image","twitter_misc":{"Est. reading time":"4 minutes"},"schema":{"@context":"https:\/\/schema.org","@graph":[{"@type":"WebPage","@id":"https:\/\/www.evooleum.com\/en\/about-us\/","url":"https:\/\/www.evooleum.com\/en\/about-us\/","name":"About us - EVOOLEUM","isPartOf":{"@id":"https:\/\/www.evooleum.com\/en\/#website"},"primaryImageOfPage":{"@id":"https:\/\/www.evooleum.com\/en\/about-us\/#primaryimage"},"image":{"@id":"https:\/\/www.evooleum.com\/en\/about-us\/#primaryimage"},"thumbnailUrl":"https:\/\/www.evooleum.com\/wp-content\/uploads\/2017\/12\/logo_mercacei.jpg","datePublished":"2017-10-24T16:10:43+00:00","dateModified":"2017-12-15T11:46:08+00:00","breadcrumb":{"@id":"https:\/\/www.evooleum.com\/en\/about-us\/#breadcrumb"},"inLanguage":"en-US","potentialAction":[{"@type":"ReadAction","target":["https:\/\/www.evooleum.com\/en\/about-us\/"]}]},{"@type":"ImageObject","inLanguage":"en-US","@id":"https:\/\/www.evooleum.com\/en\/about-us\/#primaryimage","url":"https:\/\/www.evooleum.com\/wp-content\/uploads\/2017\/12\/logo_mercacei.jpg","contentUrl":"https:\/\/www.evooleum.com\/wp-content\/uploads\/2017\/12\/logo_mercacei.jpg"},{"@type":"BreadcrumbList","@id":"https:\/\/www.evooleum.com\/en\/about-us\/#breadcrumb","itemListElement":[{"@type":"ListItem","position":1,"name":"Portada","item":"https:\/\/www.evooleum.com\/en\/"},{"@type":"ListItem","position":2,"name":"About us"}]},{"@type":"WebSite","@id":"https:\/\/www.evooleum.com\/en\/#website","url":"https:\/\/www.evooleum.com\/en\/","name":"EVOOLEUM","description":"El Concurso Internacional que recoge los 100 mejores AOVEs del mundo en una gu\u00eda","potentialAction":[{"@type":"SearchAction","target":{"@type":"EntryPoint","urlTemplate":"https:\/\/www.evooleum.com\/en\/?s={search_term_string}"},"query-input":{"@type":"PropertyValueSpecification","valueRequired":true,"valueName":"search_term_string"}}],"inLanguage":"en-US"}]}},"_links":{"self":[{"href":"https:\/\/www.evooleum.com\/en\/wp-json\/wp\/v2\/pages\/3368","targetHints":{"allow":["GET"]}}],"collection":[{"href":"https:\/\/www.evooleum.com\/en\/wp-json\/wp\/v2\/pages"}],"about":[{"href":"https:\/\/www.evooleum.com\/en\/wp-json\/wp\/v2\/types\/page"}],"author":[{"embeddable":true,"href":"https:\/\/www.evooleum.com\/en\/wp-json\/wp\/v2\/users\/1"}],"replies":[{"embeddable":true,"href":"https:\/\/www.evooleum.com\/en\/wp-json\/wp\/v2\/comments?post=3368"}],"version-history":[{"count":0,"href":"https:\/\/www.evooleum.com\/en\/wp-json\/wp\/v2\/pages\/3368\/revisions"}],"wp:attachment":[{"href":"https:\/\/www.evooleum.com\/en\/wp-json\/wp\/v2\/media?parent=3368"}],"curies":[{"name":"wp","href":"https:\/\/api.w.org\/{rel}","templated":true}]}}