{"id":349,"date":"2015-11-23T08:43:38","date_gmt":"2015-11-23T08:43:38","guid":{"rendered":"https:\/\/www.evooleum.com\/\/como-participar\/?lang=en"},"modified":"2025-11-20T11:02:56","modified_gmt":"2025-11-20T10:02:56","slug":"how-to-participate","status":"publish","type":"page","link":"https:\/\/www.evooleum.com\/en\/how-to-participate\/","title":{"rendered":"HOW TO PARTICIPATE"},"content":{"rendered":"<p>[et_pb_section fb_built=&#8221;1&#8243; fullwidth=&#8221;on&#8221; _builder_version=&#8221;4.16&#8243; global_colors_info=&#8221;{}&#8221;][et_pb_fullwidth_image src=&#8221;https:\/\/www.evooleum.com\/wp-content\/uploads\/&#8221; _builder_version=&#8221;4.16&#8243; animation_style=&#8221;slide&#8221; animation_direction=&#8221;left&#8221; global_colors_info=&#8221;{}&#8221;]<br \/>\n[\/et_pb_fullwidth_image][\/et_pb_section][et_pb_section fb_built=&#8221;1&#8243; _builder_version=&#8221;4.16&#8243; global_colors_info=&#8221;{}&#8221;][et_pb_row _builder_version=&#8221;4.16&#8243; background_size=&#8221;initial&#8221; background_position=&#8221;top_left&#8221; background_repeat=&#8221;repeat&#8221; custom_padding=&#8221;0px|0px|0px|0px&#8221; global_colors_info=&#8221;{}&#8221;][et_pb_column type=&#8221;4_4&#8243; _builder_version=&#8221;4.16&#8243; custom_padding=&#8221;|||&#8221; global_colors_info=&#8221;{}&#8221; custom_padding__hover=&#8221;|||&#8221;][et_pb_text _builder_version=&#8221;4.16&#8243; background_size=&#8221;initial&#8221; background_position=&#8221;top_left&#8221; background_repeat=&#8221;repeat&#8221; text_orientation=&#8221;center&#8221; module_alignment=&#8221;center&#8221; global_colors_info=&#8221;{}&#8221;]<\/p>\n<h1 id=\"subrayado\">HOW TO PARTICIPATE<\/h1>\n<p>[\/et_pb_text][et_pb_text _builder_version=&#8221;4.27.2&#8243; background_size=&#8221;initial&#8221; background_position=&#8221;top_left&#8221; background_repeat=&#8221;repeat&#8221; z_index_tablet=&#8221;500&#8243; text_text_shadow_horizontal_length_tablet=&#8221;0px&#8221; text_text_shadow_vertical_length_tablet=&#8221;0px&#8221; text_text_shadow_blur_strength_tablet=&#8221;1px&#8221; link_text_shadow_horizontal_length_tablet=&#8221;0px&#8221; link_text_shadow_vertical_length_tablet=&#8221;0px&#8221; link_text_shadow_blur_strength_tablet=&#8221;1px&#8221; ul_text_shadow_horizontal_length_tablet=&#8221;0px&#8221; ul_text_shadow_vertical_length_tablet=&#8221;0px&#8221; ul_text_shadow_blur_strength_tablet=&#8221;1px&#8221; ol_text_shadow_horizontal_length_tablet=&#8221;0px&#8221; ol_text_shadow_vertical_length_tablet=&#8221;0px&#8221; ol_text_shadow_blur_strength_tablet=&#8221;1px&#8221; quote_text_shadow_horizontal_length_tablet=&#8221;0px&#8221; quote_text_shadow_vertical_length_tablet=&#8221;0px&#8221; quote_text_shadow_blur_strength_tablet=&#8221;1px&#8221; header_text_shadow_horizontal_length_tablet=&#8221;0px&#8221; header_text_shadow_vertical_length_tablet=&#8221;0px&#8221; header_text_shadow_blur_strength_tablet=&#8221;1px&#8221; header_2_text_shadow_horizontal_length_tablet=&#8221;0px&#8221; header_2_text_shadow_vertical_length_tablet=&#8221;0px&#8221; header_2_text_shadow_blur_strength_tablet=&#8221;1px&#8221; header_3_text_shadow_horizontal_length_tablet=&#8221;0px&#8221; header_3_text_shadow_vertical_length_tablet=&#8221;0px&#8221; header_3_text_shadow_blur_strength_tablet=&#8221;1px&#8221; header_4_text_shadow_horizontal_length_tablet=&#8221;0px&#8221; header_4_text_shadow_vertical_length_tablet=&#8221;0px&#8221; header_4_text_shadow_blur_strength_tablet=&#8221;1px&#8221; header_5_text_shadow_horizontal_length_tablet=&#8221;0px&#8221; header_5_text_shadow_vertical_length_tablet=&#8221;0px&#8221; header_5_text_shadow_blur_strength_tablet=&#8221;1px&#8221; header_6_text_shadow_horizontal_length_tablet=&#8221;0px&#8221; header_6_text_shadow_vertical_length_tablet=&#8221;0px&#8221; header_6_text_shadow_blur_strength_tablet=&#8221;1px&#8221; box_shadow_horizontal_tablet=&#8221;0px&#8221; box_shadow_vertical_tablet=&#8221;0px&#8221; box_shadow_blur_tablet=&#8221;40px&#8221; box_shadow_spread_tablet=&#8221;0px&#8221; global_colors_info=&#8221;{}&#8221;]<\/p>\n<p>Registration period <strong>for EVOOs of the 2025\/26 campaign<\/strong> will be open<strong> until March 10, 2026. The samples must arrive at their destination that same day. <span class=\"HwtZe\" jsname=\"jqKxS\" jsaction=\"mouseup:Sxi9L,BR6jm; mousedown:qjlr0e\" lang=\"en\"><span jsname=\"txFAF\" class=\"jCAhz ChMk0b\" jsaction=\"agoMJf:PFBcW;MZfLnc:P7O7bd;nt4Alf:pvnm0e,pfE8Hb,PFBcW;B01qod:dJXsye;H1e5u:iXtTIf;lYIUJf:hij5Wb;tSpjdb:qAKMYb\" jscontroller=\"BiTO4b\"><span class=\"ryNqvb\" jsname=\"W297wb\" jsaction=\"click:PDNqTc,GFf3ac,qlVvte;contextmenu:Nqw7Te,QP7LD; mouseout:Nqw7Te; mouseover:PDNqTc,c2aHje\">Those EVOO producers wishing to be included in the TOP20 Southern Hemisphere list may send samples before April 30, 2026.<\/span><\/span><\/span> The contestants who send their samples from countries that must be submitted to Customs, must especially consider the deadlines of these procedures so that the samples arrive at their destination on the indicated date.<br \/><\/strong><\/p>\n<ul>\n<li style=\"list-style-type: none;\">\n<ul>\n<li>The registration fee is 245 \u20ac per sample presented.<\/li>\n<li>The EVOOs submitted should come from a batch of at least 2,500 liters, stored in the oil mill (those brands with a production inferior to 2,500 can register for the <a href=\"https:\/\/www.evooleum.com\/en\/competition-top10-limited-production-rules\/\"><strong>EVOOLEUM TOP10 Limited Production Awards<\/strong><\/a>).<\/li>\n<li>Once read the Contest rules (<strong><a href=\"https:\/\/www.evooleum.com\/en\/rules\/\">RULES<\/a><\/strong>), fill out the online form attached (<a href=\"https:\/\/www.evooleum.com\/registration-form\/\"><strong>REGISTRATION FORM<\/strong><\/a>), following the instruction.<\/li>\n<li>Each submitted sample will be assigned a keyword.<\/li>\n<li>Once registered, and with the assigned key, you should send four colored 500ml. bottles <span class=\"HwtZe\" jsname=\"jqKxS\" jsaction=\"mouseup:Sxi9L,BR6jm; mousedown:qjlr0e\" lang=\"en\"><span jsname=\"txFAF\" class=\"jCAhz ChMk0b\" jsaction=\"agoMJf:PFBcW;MZfLnc:P7O7bd;nt4Alf:pvnm0e,pfE8Hb,PFBcW;B01qod:dJXsye;H1e5u:iXtTIf;lYIUJf:hij5Wb;tSpjdb:qAKMYb\" jscontroller=\"BiTO4b\"><span class=\"ryNqvb\" jsname=\"W297wb\" jsaction=\"click:PDNqTc,GFf3ac,qlVvte;contextmenu:Nqw7Te,QP7LD; mouseout:Nqw7Te; mouseover:PDNqTc,c2aHje\">-two for those who apply to the TOP20 Limited Production-<\/span><\/span><\/span> of each of the samples submitted, along with two bottles or commercial packaging of the brand. Also attach the analytic bulletin with the determinations indicated in the Contest rules.<\/li>\n<li>Send it by courier to the following address:<br \/><strong><br \/>EVOOLEUM AWARDS<br \/>REF.No: (Include the reference number assigned during the online registration).<br \/>Avda. Men\u00e9ndez Pidal, s\/n. Alameda del Obispo. Edificio 3. Despacho 213-AEMO<br \/>14004 C\u00f3rdoba<br \/>Tel.: (+34) 957 040 774<br \/>M\u00f3v.: (+34) 654 118 418<br \/>E-mail: <a href=\"mailto:difusion@evooleum.com\">difusion@evooleum.com<\/a><br \/>Contact: Pilar Mar\u00edn<br \/>Sample reception hours: 09:00-14:30h (Monday to Friday)<\/strong><\/li>\n<\/ul>\n<\/li>\n<\/ul>\n<p>Once received the physical samples, we will send a confirmation mail.<\/p>\n<p>[\/et_pb_text][et_pb_button button_url=&#8221;https:\/\/www.evooleum.com\/en\/rules\/&#8221; button_text=&#8221;Rules&#8221; button_alignment=&#8221;center&#8221; _builder_version=&#8221;4.16&#8243; global_colors_info=&#8221;{}&#8221; button_text_size__hover_enabled=&#8221;off&#8221; button_one_text_size__hover_enabled=&#8221;off&#8221; button_two_text_size__hover_enabled=&#8221;off&#8221; button_text_color__hover_enabled=&#8221;off&#8221; button_one_text_color__hover_enabled=&#8221;off&#8221; button_two_text_color__hover_enabled=&#8221;off&#8221; button_border_width__hover_enabled=&#8221;off&#8221; button_one_border_width__hover_enabled=&#8221;off&#8221; button_two_border_width__hover_enabled=&#8221;off&#8221; button_border_color__hover_enabled=&#8221;off&#8221; button_one_border_color__hover_enabled=&#8221;off&#8221; button_two_border_color__hover_enabled=&#8221;off&#8221; button_border_radius__hover_enabled=&#8221;off&#8221; button_one_border_radius__hover_enabled=&#8221;off&#8221; button_two_border_radius__hover_enabled=&#8221;off&#8221; button_letter_spacing__hover_enabled=&#8221;off&#8221; button_one_letter_spacing__hover_enabled=&#8221;off&#8221; button_two_letter_spacing__hover_enabled=&#8221;off&#8221; button_bg_color__hover_enabled=&#8221;off&#8221; button_one_bg_color__hover_enabled=&#8221;off&#8221; button_two_bg_color__hover_enabled=&#8221;off&#8221;]<br \/>\n[\/et_pb_button][\/et_pb_column][\/et_pb_row][\/et_pb_section]<\/p>\n","protected":false},"excerpt":{"rendered":"<p>HOW TO PARTICIPATE Registration period for EVOOs of the 2025\/26 campaign will be open until March 10, 2026. The samples must arrive at their destination that same day. Those EVOO producers wishing to be included in the TOP20 Southern Hemisphere list may send samples before April 30, 2026. The contestants who send their samples from [&hellip;]<\/p>\n","protected":false},"author":1,"featured_media":0,"parent":0,"menu_order":45,"comment_status":"closed","ping_status":"closed","template":"","meta":{"_acf_changed":false,"_et_pb_use_builder":"on","_et_pb_old_content":"<p>[et_pb_section fb_built=\"1\" fullwidth=\"on\" _builder_version=\"3.0.89\"][et_pb_fullwidth_image src=\"https:\/\/www.evooleum.com\/wp-content\/uploads\/2017\/12\/como_participar2.jpg\" _builder_version=\"3.0.90\" animation_style=\"slide\" animation_direction=\"left\"]<br \/>[\/et_pb_fullwidth_image][\/et_pb_section][et_pb_section fb_built=\"1\" _builder_version=\"3.0.47\"][et_pb_row custom_padding=\"0px|0px|0px|0px\" _builder_version=\"3.0.47\" background_size=\"initial\" background_position=\"top_left\" background_repeat=\"repeat\"][et_pb_column type=\"4_4\" _builder_version=\"3.0.47\" parallax=\"off\" parallax_method=\"on\"][et_pb_text admin_label=\"T\u00edtulo Participar\" _builder_version=\"3.0.91\" background_size=\"initial\" background_position=\"top_left\" background_repeat=\"repeat\" text_orientation=\"center\" module_alignment=\"center\"]<\/p><h1 id=\"subrayado\">C\u00d3MO PARTICIPAR<\/h1><p>[\/et_pb_text][et_pb_text admin_label=\"Texto participar Editar\" _builder_version=\"3.0.91\" background_size=\"initial\" background_position=\"top_left\" background_repeat=\"repeat\"]<\/p><ul><li>La inscripci\u00f3n estar\u00e1 abierta <strong>hasta el 20 de febrero de 2018. Las muestras deber\u00e1n llegar a su destino antes de de ese d\u00eda.<\/strong><\/li><li>La cuota de inscripci\u00f3n es de 195 \u20ac por muestra presentada.<\/li><li>La muestra de aceite presentada ha de pertenecer a un lote cuyo volumen m\u00ednimo debe ser de 2.500 litros.<\/li><li>Una vez le\u00eddas las Bases del Concurso (<a href=\"https:\/\/www.evooleum.com\/bases\/\"><strong>VER BASES<\/strong><\/a>) y comprobado que su aceite cumple todos los requisitos exigidos por la organizaci\u00f3n del mismo, rellene el formulario <em>on line<\/em>\u00a0 (<a href=\"https:\/\/www.evooleum.com\/ficha-de-inscripcion\/\"><strong>FORMULARIO DE INSCRIPCI\u00d3N<\/strong><\/a>), siguiendo sus instrucciones.<\/li><li>A cada muestra presentada se le asignar\u00e1 una clave que deber\u00e1 anotar en las etiquetas de las muestras enviadas.<\/li><li>Una vez inscrito, y con la clave asignada, deber\u00e1 enviar cuatro botellas coloreadas de 500 ml. de cada una de las muestras presentadas, junto con dos botellas o envases comerciales de la marca. Adjunte tambi\u00e9n el bolet\u00edn anal\u00edtico con las determinaciones que se indican en las bases.<\/li><li>Env\u00edelo mediante mensajer\u00eda a la siguiente direcci\u00f3n:<\/li><\/ul><p><strong><b>Concurso EVOOLEUM AWARDS<br \/><\/b>ASOCIACI\u00d3N ESPA\u00d1OLA\u00a0DE MUNICIPIOS DEL OLIVO (AEMO)<br \/>Ref.: (Introducir referencia que se le ha asignado en la inscripci\u00f3n electr\u00f3nica)<br \/>Campus Alameda del\u00a0Obispo. Edificio N\u00ba 3. Despachos 213-214<br \/>Avda. Men\u00e9ndez Pidal, s\/n<br \/>14004 C\u00f3rdoba<br \/>Apdo. Correos 3092<br \/>Tel.: (+34) 957 040 774<br \/>M\u00f3v.: (+34) 636 020 964<br \/>Persona de contacto: Pilar Mar\u00edn<br \/>Horario de recepci\u00f3n de muestras: de 9:00h. a 14:30h. (de lunes a viernes)<\/strong><\/p><ul><li>Una vez recepcionadas las muestras f\u00edsicas le enviaremos un correo de confirmaci\u00f3n.<\/li><\/ul><p>[\/et_pb_text][et_pb_button button_url=\"https:\/\/www.evooleum.com\/bases\/\" button_text=\"Ver bases\" button_alignment=\"center\" _builder_version=\"3.0.89\"]<br \/>[\/et_pb_button][\/et_pb_column][\/et_pb_row][\/et_pb_section]<\/p>","_et_gb_content_width":"","footnotes":""},"class_list":["post-349","page","type-page","status-publish","hentry"],"acf":[],"yoast_head":"<!-- This site is optimized with the Yoast SEO plugin v27.4 - https:\/\/yoast.com\/product\/yoast-seo-wordpress\/ -->\n<title>HOW TO PARTICIPATE - EVOOLEUM<\/title>\n<meta name=\"robots\" content=\"index, follow, max-snippet:-1, max-image-preview:large, max-video-preview:-1\" \/>\n<link rel=\"canonical\" href=\"https:\/\/www.evooleum.com\/en\/how-to-participate\/\" \/>\n<meta property=\"og:locale\" content=\"en_US\" \/>\n<meta property=\"og:type\" content=\"article\" \/>\n<meta property=\"og:title\" content=\"HOW TO PARTICIPATE - EVOOLEUM\" \/>\n<meta property=\"og:description\" content=\"HOW TO PARTICIPATE Registration period for EVOOs of the 2025\/26 campaign will be open until March 10, 2026. The samples must arrive at their destination that same day. Those EVOO producers wishing to be included in the TOP20 Southern Hemisphere list may send samples before April 30, 2026. The contestants who send their samples from [&hellip;]\" \/>\n<meta property=\"og:url\" content=\"https:\/\/www.evooleum.com\/en\/how-to-participate\/\" \/>\n<meta property=\"og:site_name\" content=\"EVOOLEUM\" \/>\n<meta property=\"article:modified_time\" content=\"2025-11-20T10:02:56+00:00\" \/>\n<meta name=\"twitter:card\" content=\"summary_large_image\" \/>\n<meta name=\"twitter:label1\" content=\"Est. reading time\" \/>\n\t<meta name=\"twitter:data1\" content=\"2 minutes\" \/>\n<script type=\"application\/ld+json\" class=\"yoast-schema-graph\">{\"@context\":\"https:\\\/\\\/schema.org\",\"@graph\":[{\"@type\":\"WebPage\",\"@id\":\"https:\\\/\\\/www.evooleum.com\\\/en\\\/how-to-participate\\\/\",\"url\":\"https:\\\/\\\/www.evooleum.com\\\/en\\\/how-to-participate\\\/\",\"name\":\"HOW TO PARTICIPATE - EVOOLEUM\",\"isPartOf\":{\"@id\":\"https:\\\/\\\/www.evooleum.com\\\/en\\\/#website\"},\"datePublished\":\"2015-11-23T08:43:38+00:00\",\"dateModified\":\"2025-11-20T10:02:56+00:00\",\"breadcrumb\":{\"@id\":\"https:\\\/\\\/www.evooleum.com\\\/en\\\/how-to-participate\\\/#breadcrumb\"},\"inLanguage\":\"en-US\",\"potentialAction\":[{\"@type\":\"ReadAction\",\"target\":[\"https:\\\/\\\/www.evooleum.com\\\/en\\\/how-to-participate\\\/\"]}]},{\"@type\":\"BreadcrumbList\",\"@id\":\"https:\\\/\\\/www.evooleum.com\\\/en\\\/how-to-participate\\\/#breadcrumb\",\"itemListElement\":[{\"@type\":\"ListItem\",\"position\":1,\"name\":\"Portada\",\"item\":\"https:\\\/\\\/www.evooleum.com\\\/en\\\/\"},{\"@type\":\"ListItem\",\"position\":2,\"name\":\"HOW TO PARTICIPATE\"}]},{\"@type\":\"WebSite\",\"@id\":\"https:\\\/\\\/www.evooleum.com\\\/en\\\/#website\",\"url\":\"https:\\\/\\\/www.evooleum.com\\\/en\\\/\",\"name\":\"EVOOLEUM\",\"description\":\"El Concurso Internacional que recoge los 100 mejores AOVEs del mundo en una gu\u00eda\",\"potentialAction\":[{\"@type\":\"SearchAction\",\"target\":{\"@type\":\"EntryPoint\",\"urlTemplate\":\"https:\\\/\\\/www.evooleum.com\\\/en\\\/?s={search_term_string}\"},\"query-input\":{\"@type\":\"PropertyValueSpecification\",\"valueRequired\":true,\"valueName\":\"search_term_string\"}}],\"inLanguage\":\"en-US\"}]}<\/script>\n<!-- \/ Yoast SEO plugin. -->","yoast_head_json":{"title":"HOW TO PARTICIPATE - EVOOLEUM","robots":{"index":"index","follow":"follow","max-snippet":"max-snippet:-1","max-image-preview":"max-image-preview:large","max-video-preview":"max-video-preview:-1"},"canonical":"https:\/\/www.evooleum.com\/en\/how-to-participate\/","og_locale":"en_US","og_type":"article","og_title":"HOW TO PARTICIPATE - EVOOLEUM","og_description":"HOW TO PARTICIPATE Registration period for EVOOs of the 2025\/26 campaign will be open until March 10, 2026. The samples must arrive at their destination that same day. Those EVOO producers wishing to be included in the TOP20 Southern Hemisphere list may send samples before April 30, 2026. The contestants who send their samples from [&hellip;]","og_url":"https:\/\/www.evooleum.com\/en\/how-to-participate\/","og_site_name":"EVOOLEUM","article_modified_time":"2025-11-20T10:02:56+00:00","twitter_card":"summary_large_image","twitter_misc":{"Est. reading time":"2 minutes"},"schema":{"@context":"https:\/\/schema.org","@graph":[{"@type":"WebPage","@id":"https:\/\/www.evooleum.com\/en\/how-to-participate\/","url":"https:\/\/www.evooleum.com\/en\/how-to-participate\/","name":"HOW TO PARTICIPATE - EVOOLEUM","isPartOf":{"@id":"https:\/\/www.evooleum.com\/en\/#website"},"datePublished":"2015-11-23T08:43:38+00:00","dateModified":"2025-11-20T10:02:56+00:00","breadcrumb":{"@id":"https:\/\/www.evooleum.com\/en\/how-to-participate\/#breadcrumb"},"inLanguage":"en-US","potentialAction":[{"@type":"ReadAction","target":["https:\/\/www.evooleum.com\/en\/how-to-participate\/"]}]},{"@type":"BreadcrumbList","@id":"https:\/\/www.evooleum.com\/en\/how-to-participate\/#breadcrumb","itemListElement":[{"@type":"ListItem","position":1,"name":"Portada","item":"https:\/\/www.evooleum.com\/en\/"},{"@type":"ListItem","position":2,"name":"HOW TO PARTICIPATE"}]},{"@type":"WebSite","@id":"https:\/\/www.evooleum.com\/en\/#website","url":"https:\/\/www.evooleum.com\/en\/","name":"EVOOLEUM","description":"El Concurso Internacional que recoge los 100 mejores AOVEs del mundo en una gu\u00eda","potentialAction":[{"@type":"SearchAction","target":{"@type":"EntryPoint","urlTemplate":"https:\/\/www.evooleum.com\/en\/?s={search_term_string}"},"query-input":{"@type":"PropertyValueSpecification","valueRequired":true,"valueName":"search_term_string"}}],"inLanguage":"en-US"}]}},"_links":{"self":[{"href":"https:\/\/www.evooleum.com\/en\/wp-json\/wp\/v2\/pages\/349","targetHints":{"allow":["GET"]}}],"collection":[{"href":"https:\/\/www.evooleum.com\/en\/wp-json\/wp\/v2\/pages"}],"about":[{"href":"https:\/\/www.evooleum.com\/en\/wp-json\/wp\/v2\/types\/page"}],"author":[{"embeddable":true,"href":"https:\/\/www.evooleum.com\/en\/wp-json\/wp\/v2\/users\/1"}],"replies":[{"embeddable":true,"href":"https:\/\/www.evooleum.com\/en\/wp-json\/wp\/v2\/comments?post=349"}],"version-history":[{"count":2,"href":"https:\/\/www.evooleum.com\/en\/wp-json\/wp\/v2\/pages\/349\/revisions"}],"predecessor-version":[{"id":26170,"href":"https:\/\/www.evooleum.com\/en\/wp-json\/wp\/v2\/pages\/349\/revisions\/26170"}],"wp:attachment":[{"href":"https:\/\/www.evooleum.com\/en\/wp-json\/wp\/v2\/media?parent=349"}],"curies":[{"name":"wp","href":"https:\/\/api.w.org\/{rel}","templated":true}]}}