{"id":379,"date":"2015-11-18T12:27:47","date_gmt":"2015-11-18T12:27:47","guid":{"rendered":"https:\/\/www.evooleum.com\/\/en\/politica-de-cookies\/"},"modified":"2018-06-04T08:22:42","modified_gmt":"2018-06-04T08:22:42","slug":"politica-de-cookies","status":"publish","type":"page","link":"https:\/\/www.evooleum.com\/en\/politica-de-cookies\/","title":{"rendered":"Pol\u00edtica de cookies"},"content":{"rendered":"<p><strong>Declaraci\u00f3n sobre uso de cookies<\/strong><\/p>\n<p>Una cookie es un peque\u00f1o archivo de texto que se instala en su terminal de ordenador (u otro dispositivo, como un tel\u00e9fono m\u00f3vil) a trav\u00e9s de los sitios web que usted visita.<\/p>\n<p><strong>Para qu\u00e9 se utilizan las cookies<\/strong><\/p>\n<p>Son ampliamente utilizados para conocer la actividad de los visitantes al sitio web, con el fin de mejorar el mismo a partir del almacenamiento y recuperaci\u00f3n de los datos de navegaci\u00f3n de los usuarios. Las cookies tambi\u00e9n se utilizan para proporcionar informaci\u00f3n sobre la navegaci\u00f3n de los usuarios a los propietarios de sitios web y sus colaboradores, con el fin de analizar el uso que realizan de la p\u00e1gina web y personalizar el contenido.<\/p>\n<p>&nbsp;<\/p>\n<p><strong>Informaci\u00f3n importante sobre c\u00f3mo utilizamos las cookies<\/strong><\/p>\n<p>Se utilizan las cookies a efectos estad\u00edsticos, funcionales y para mejorar nuestros servicios a trav\u00e9s del an\u00e1lisis del uso que realizan los visitantes a nuestro sitio web, incluyendo el uso de nuestros servicios de banca por internet. En este \u00faltimo caso, podemos utilizar cookies para almacenar algunos datos de acceso, pero nunca las contrase\u00f1as. Las cookies hacen que sea m\u00e1s f\u00e1cil para el usuario conectarse, navegar y utilizar el sitio web en futuras visitas.<\/p>\n<p>Algunos de los anunciantes y organizaciones de an\u00e1lisis web con los que se trabaja incorporan cookies en el ordenador del usuario a trav\u00e9s del presente sitio web. Nuestros sitios tambi\u00e9n pueden tener enlaces de redes sociales (como Facebook). Evooleum no controla las cookies utilizadas por estas web externas. Para m\u00e1s informaci\u00f3n sobre las cookies de las redes sociales u otras web ajenas, aconsejamos revisar sus propias pol\u00edticas de cookies.<\/p>\n<p><strong>\u00a0<\/strong><\/p>\n<p><strong>Cookies propias<\/strong><\/p>\n<p>A continuaci\u00f3n se muestran las cookies que son fijadas por el sitio web y la finalidad para la que se utiliza cada una:<\/p>\n<ul>\n<li>Cookies t\u00e9cnicas: Las cookies t\u00e9cnicas son aquellas imprescindibles y estrictamente necesarias para el correcto funcionamiento de un portal web y la utilizaci\u00f3n de las diferentes opciones y servicios que ofrece. Por ejemplo, las que sirven para el mantenimiento de la sesi\u00f3n, la gesti\u00f3n del tiempo de respuesta, rendimiento o validaci\u00f3n de opciones, utilizar elementos de seguridad, compartir contenido con redes sociales, etc.<\/li>\n<li>Cookies de personalizaci\u00f3n: Estas cookies permiten al usuario especificar o personalizar algunas caracter\u00edsticas de las opciones generales de la p\u00e1gina web. Por ejemplo, definir el idioma, configuraci\u00f3n regional o tipo de navegador.<\/li>\n<\/ul>\n<p>&nbsp;<\/p>\n<p><strong>Cookies de terceros<\/strong><\/p>\n<p>Existen una serie de proveedores que establecen las cookies con el fin de proporcionar determinados servicios. Seguidamente se muestran cookies que se establecen por parte de terceros, los fines para los que se utilizan y los enlaces a p\u00e1ginas web donde se puede encontrar m\u00e1s informaci\u00f3n sobre las cookies:<\/p>\n<ul>\n<li>Cookies anal\u00edticas: Las cookies de Google Analytics se utilizan con el fin de analizar y medir c\u00f3mo los visitantes usan este sitio web. La informaci\u00f3n sirve para elaborar informes que permiten mejorar este sitio. Estas cookies recopilan informaci\u00f3n en forma an\u00f3nima, incluyendo el n\u00famero de visitantes al sitio, c\u00f3mo han llegado al mismo y las p\u00e1ginas que visit\u00f3 mientras navegaba en nuestro sitio web. https:\/\/www.google.com\/analytics\/learn\/privacy.html Las cookies de Youtube se utilizan para contabilizar el n\u00famero de visualizaciones de los videos incrustados en otras web. https:\/\/support.google.com\/youtube\/answer\/2407785?hl=es-419<\/li>\n<li>Cookies t\u00e9cnicas: AddThis es una empresa tecnol\u00f3gica que permite a los sitios web y a sus usuarios compartir f\u00e1cilmente el contenido con los dem\u00e1s, a trav\u00e9s de iconos de intercambio y de los destinos de bookmarking social. Las cookies AddThis se utilizan con el fin de habilitar el contenido para ser compartido. AddThis tambi\u00e9n se utiliza para recopilar informaci\u00f3n sobre c\u00f3mo se comparte contenido del sitio web. Las cookies ayudan a identificar de forma \u00fanica a un usuario (aunque no de forma personal, sino en cuanto a direcci\u00f3n) para no repetir tareas dentro de un periodo de tiempo especificado.<\/li>\n<\/ul>\n<p>http:\/\/www.addthis.com\/privacy<\/p>\n<p>Linkedin: http:\/\/es.linkedin.com\/legal\/cookie-policy<\/p>\n<ul>\n<li>Cookies de personalizaci\u00f3n: Estas cookies permiten al usuario especificar o personalizar algunas caracter\u00edsticas de las opciones generales de la p\u00e1gina web. Por ejemplo, definir el idioma, configuraci\u00f3n regional o tipo de navegador.<\/li>\n<\/ul>\n<p>Addthis: http:\/\/www.addthis.com\/privacy<\/p>\n<p>Facebook: https:\/\/es-es.facebook.com\/help\/cookies<\/p>\n<p>Google: http:\/\/www.google.es\/intl\/es\/policies\/technologies\/types<\/p>\n<p>YouTube: https:\/\/support.google.com\/youtube\/answer\/2407785?hl=es-419<\/p>\n<p>&nbsp;<\/p>\n<p><strong>C\u00f3mo desactivar las cookies<\/strong><\/p>\n<p>Para cumplir con la legislaci\u00f3n vigente, tenemos que pedir su permiso para gestionar cookies. Si decide no autorizar el tratamiento indic\u00e1ndonos su no conformidad, solo usar\u00edamos las cookies que son imprescindibles para la navegaci\u00f3n por nuestra web. En este caso, no almacenar\u00edamos ninguna cookie. En el caso de seguir navegando por nuestro sitio web sin denegar su autorizaci\u00f3n implica que acepta su uso.<\/p>\n<p>Tenga en cuenta que si rechaza o borra las cookies de navegaci\u00f3n, no podremos mantener sus preferencias, algunas caracter\u00edsticas de las p\u00e1ginas no estar\u00e1n operativas, no podremos ofrecerle servicios personalizados y cada vez que vaya a navegar por nuestra web tendremos que solicitarle de nuevo su autorizaci\u00f3n para el uso de cookies.<\/p>\n<p>Puede modificar la configuraci\u00f3n de su acceso a la p\u00e1gina web. Debe saber que es posible eliminar las cookies o impedir que se registre esta informaci\u00f3n en su equipo en cualquier momento mediante la modificaci\u00f3n de los par\u00e1metros de configuraci\u00f3n de su navegador:<\/p>\n<p>Configuraci\u00f3n de cookies de Internet Explorer Configuraci\u00f3n de cookies de Firefox Configuraci\u00f3n de cookies de Google Chrome Configuraci\u00f3n de cookies de Safari<\/p>\n<p>EVOOLEUM, S.L. no es titular ni patrocina los enlaces indicados anteriormente, por lo que no asume responsabilidad alguna sobre su contenido ni sobre su actualizaci\u00f3n. El usuario puede revocar su consentimiento para el uso de cookies en su navegador pulsando en los siguientes enlaces:<\/p>\n<p>Addthis Google Analytics YouTube Linkedin<\/p>\n<p>Google: A trav\u00e9s de los ajustes de cada navegador m\u00e1s arriba indicados para la desactivaci\u00f3n o eliminaci\u00f3n de cookies. Facebook: A trav\u00e9s de los ajustes de cada navegador m\u00e1s arriba indicados para la desactivaci\u00f3n o eliminaci\u00f3n de cookies.<\/p>\n","protected":false},"excerpt":{"rendered":"<p>Declaraci\u00f3n sobre uso de cookies Una cookie es un peque\u00f1o archivo de texto que se instala en su terminal de ordenador (u otro dispositivo, como un tel\u00e9fono m\u00f3vil) a trav\u00e9s de los sitios web que usted visita. Para qu\u00e9 se utilizan las cookies Son ampliamente utilizados para conocer la actividad de los visitantes al sitio [&hellip;]<\/p>\n","protected":false},"author":1,"featured_media":0,"parent":0,"menu_order":90,"comment_status":"closed","ping_status":"closed","template":"","meta":{"_acf_changed":false,"_et_pb_use_builder":"on","_et_pb_old_content":"<p><strong>Declaraci\u00f3n sobre uso de cookies<\/strong><\/p><p>Una cookie es un peque\u00f1o archivo de texto que se instala en su terminal de ordenador (u otro dispositivo, como un tel\u00e9fono m\u00f3vil) a trav\u00e9s de los sitios web que usted visita.<\/p><p><strong>Para qu\u00e9 se utilizan las cookies<\/strong><\/p><p>Son ampliamente utilizados para conocer la actividad de los visitantes al sitio web, con el fin de mejorar el mismo a partir del almacenamiento y recuperaci\u00f3n de los datos de navegaci\u00f3n de los usuarios. Las cookies tambi\u00e9n se utilizan para proporcionar informaci\u00f3n sobre la navegaci\u00f3n de los usuarios a los propietarios de sitios web y sus colaboradores, con el fin de analizar el uso que realizan de la p\u00e1gina web y personalizar el contenido.<\/p><p>\u00a0<\/p><p><strong>Informaci\u00f3n importante sobre c\u00f3mo utilizamos las cookies<\/strong><\/p><p>Se utilizan las cookies a efectos estad\u00edsticos, funcionales y para mejorar nuestros servicios a trav\u00e9s del an\u00e1lisis del uso que realizan los visitantes a nuestro sitio web, incluyendo el uso de nuestros servicios de banca por internet. En este \u00faltimo caso, podemos utilizar cookies para almacenar algunos datos de acceso, pero nunca las contrase\u00f1as. Las cookies hacen que sea m\u00e1s f\u00e1cil para el usuario conectarse, navegar y utilizar el sitio web en futuras visitas.<\/p><p>Algunos de los anunciantes y organizaciones de an\u00e1lisis web con los que se trabaja incorporan cookies en el ordenador del usuario a trav\u00e9s del presente sitio web. Nuestros sitios tambi\u00e9n pueden tener enlaces de redes sociales (como Facebook). Evooleum no controla las cookies utilizadas por estas web externas. Para m\u00e1s informaci\u00f3n sobre las cookies de las redes sociales u otras web ajenas, aconsejamos revisar sus propias pol\u00edticas de cookies.<\/p><p><strong>\u00a0<\/strong><\/p><p><strong>Cookies propias<\/strong><\/p><p>A continuaci\u00f3n se muestran las cookies que son fijadas por el sitio web y la finalidad para la que se utiliza cada una:<\/p><ul><li>Cookies t\u00e9cnicas: Las cookies t\u00e9cnicas son aquellas imprescindibles y estrictamente necesarias para el correcto funcionamiento de un portal web y la utilizaci\u00f3n de las diferentes opciones y servicios que ofrece. Por ejemplo, las que sirven para el mantenimiento de la sesi\u00f3n, la gesti\u00f3n del tiempo de respuesta, rendimiento o validaci\u00f3n de opciones, utilizar elementos de seguridad, compartir contenido con redes sociales, etc.<\/li><li>Cookies de personalizaci\u00f3n: Estas cookies permiten al usuario especificar o personalizar algunas caracter\u00edsticas de las opciones generales de la p\u00e1gina web. Por ejemplo, definir el idioma, configuraci\u00f3n regional o tipo de navegador.<\/li><\/ul><p>\u00a0<\/p><p><strong>Cookies de terceros<\/strong><\/p><p>Existen una serie de proveedores que establecen las cookies con el fin de proporcionar determinados servicios. Seguidamente se muestran cookies que se establecen por parte de terceros, los fines para los que se utilizan y los enlaces a p\u00e1ginas web donde se puede encontrar m\u00e1s informaci\u00f3n sobre las cookies:<\/p><ul><li>Cookies anal\u00edticas: Las cookies de Google Analytics se utilizan con el fin de analizar y medir c\u00f3mo los visitantes usan este sitio web. La informaci\u00f3n sirve para elaborar informes que permiten mejorar este sitio. Estas cookies recopilan informaci\u00f3n en forma an\u00f3nima, incluyendo el n\u00famero de visitantes al sitio, c\u00f3mo han llegado al mismo y las p\u00e1ginas que visit\u00f3 mientras navegaba en nuestro sitio web. https:\/\/www.google.com\/analytics\/learn\/privacy.html Las cookies de Youtube se utilizan para contabilizar el n\u00famero de visualizaciones de los videos incrustados en otras web. https:\/\/support.google.com\/youtube\/answer\/2407785?hl=es-419<\/li><li>Cookies t\u00e9cnicas: AddThis es una empresa tecnol\u00f3gica que permite a los sitios web y a sus usuarios compartir f\u00e1cilmente el contenido con los dem\u00e1s, a trav\u00e9s de iconos de intercambio y de los destinos de bookmarking social. Las cookies AddThis se utilizan con el fin de habilitar el contenido para ser compartido. AddThis tambi\u00e9n se utiliza para recopilar informaci\u00f3n sobre c\u00f3mo se comparte contenido del sitio web. Las cookies ayudan a identificar de forma \u00fanica a un usuario (aunque no de forma personal, sino en cuanto a direcci\u00f3n) para no repetir tareas dentro de un periodo de tiempo especificado.<\/li><\/ul><p>http:\/\/www.addthis.com\/privacy<\/p><p>Linkedin: http:\/\/es.linkedin.com\/legal\/cookie-policy<\/p><ul><li>Cookies de personalizaci\u00f3n: Estas cookies permiten al usuario especificar o personalizar algunas caracter\u00edsticas de las opciones generales de la p\u00e1gina web. Por ejemplo, definir el idioma, configuraci\u00f3n regional o tipo de navegador.<\/li><\/ul><p>Addthis: http:\/\/www.addthis.com\/privacy<\/p><p>Facebook: https:\/\/es-es.facebook.com\/help\/cookies<\/p><p>Google: http:\/\/www.google.es\/intl\/es\/policies\/technologies\/types<\/p><p>YouTube: https:\/\/support.google.com\/youtube\/answer\/2407785?hl=es-419<\/p><p>\u00a0<\/p><p><strong>C\u00f3mo desactivar las cookies<\/strong><\/p><p>Para cumplir con la legislaci\u00f3n vigente, tenemos que pedir su permiso para gestionar cookies. Si decide no autorizar el tratamiento indic\u00e1ndonos su no conformidad, solo usar\u00edamos las cookies que son imprescindibles para la navegaci\u00f3n por nuestra web. En este caso, no almacenar\u00edamos ninguna cookie. En el caso de seguir navegando por nuestro sitio web sin denegar su autorizaci\u00f3n implica que acepta su uso.<\/p><p>Tenga en cuenta que si rechaza o borra las cookies de navegaci\u00f3n, no podremos mantener sus preferencias, algunas caracter\u00edsticas de las p\u00e1ginas no estar\u00e1n operativas, no podremos ofrecerle servicios personalizados y cada vez que vaya a navegar por nuestra web tendremos que solicitarle de nuevo su autorizaci\u00f3n para el uso de cookies.<\/p><p>Puede modificar la configuraci\u00f3n de su acceso a la p\u00e1gina web. Debe saber que es posible eliminar las cookies o impedir que se registre esta informaci\u00f3n en su equipo en cualquier momento mediante la modificaci\u00f3n de los par\u00e1metros de configuraci\u00f3n de su navegador:<\/p><p>Configuraci\u00f3n de cookies de Internet Explorer Configuraci\u00f3n de cookies de Firefox Configuraci\u00f3n de cookies de Google Chrome Configuraci\u00f3n de cookies de Safari<\/p><p>EVOOLEUM, S.L. no es titular ni patrocina los enlaces indicados anteriormente, por lo que no asume responsabilidad alguna sobre su contenido ni sobre su actualizaci\u00f3n. El usuario puede revocar su consentimiento para el uso de cookies en su navegador pulsando en los siguientes enlaces:<\/p><p>Addthis Google Analytics YouTube Linkedin<\/p><p>Google: A trav\u00e9s de los ajustes de cada navegador m\u00e1s arriba indicados para la desactivaci\u00f3n o eliminaci\u00f3n de cookies. Facebook: A trav\u00e9s de los ajustes de cada navegador m\u00e1s arriba indicados para la desactivaci\u00f3n o eliminaci\u00f3n de cookies.<\/p>","_et_gb_content_width":"","footnotes":""},"class_list":["post-379","page","type-page","status-publish","hentry"],"acf":[],"yoast_head":"<!-- This site is optimized with the Yoast SEO plugin v27.4 - https:\/\/yoast.com\/product\/yoast-seo-wordpress\/ -->\n<title>Pol\u00edtica de cookies - EVOOLEUM<\/title>\n<meta name=\"robots\" content=\"index, follow, max-snippet:-1, max-image-preview:large, max-video-preview:-1\" \/>\n<link rel=\"canonical\" href=\"https:\/\/www.evooleum.com\/en\/politica-de-cookies\/\" \/>\n<meta property=\"og:locale\" content=\"en_US\" \/>\n<meta property=\"og:type\" content=\"article\" \/>\n<meta property=\"og:title\" content=\"Pol\u00edtica de cookies - EVOOLEUM\" \/>\n<meta property=\"og:description\" content=\"Declaraci\u00f3n sobre uso de cookies Una cookie es un peque\u00f1o archivo de texto que se instala en su terminal de ordenador (u otro dispositivo, como un tel\u00e9fono m\u00f3vil) a trav\u00e9s de los sitios web que usted visita. Para qu\u00e9 se utilizan las cookies Son ampliamente utilizados para conocer la actividad de los visitantes al sitio [&hellip;]\" \/>\n<meta property=\"og:url\" content=\"https:\/\/www.evooleum.com\/en\/politica-de-cookies\/\" \/>\n<meta property=\"og:site_name\" content=\"EVOOLEUM\" \/>\n<meta property=\"article:modified_time\" content=\"2018-06-04T08:22:42+00:00\" \/>\n<meta name=\"twitter:card\" content=\"summary_large_image\" \/>\n<meta name=\"twitter:label1\" content=\"Est. reading time\" \/>\n\t<meta name=\"twitter:data1\" content=\"5 minutes\" \/>\n<script type=\"application\/ld+json\" class=\"yoast-schema-graph\">{\"@context\":\"https:\\\/\\\/schema.org\",\"@graph\":[{\"@type\":\"WebPage\",\"@id\":\"https:\\\/\\\/www.evooleum.com\\\/en\\\/politica-de-cookies\\\/\",\"url\":\"https:\\\/\\\/www.evooleum.com\\\/en\\\/politica-de-cookies\\\/\",\"name\":\"Pol\u00edtica de cookies - EVOOLEUM\",\"isPartOf\":{\"@id\":\"https:\\\/\\\/www.evooleum.com\\\/en\\\/#website\"},\"datePublished\":\"2015-11-18T12:27:47+00:00\",\"dateModified\":\"2018-06-04T08:22:42+00:00\",\"breadcrumb\":{\"@id\":\"https:\\\/\\\/www.evooleum.com\\\/en\\\/politica-de-cookies\\\/#breadcrumb\"},\"inLanguage\":\"en-US\",\"potentialAction\":[{\"@type\":\"ReadAction\",\"target\":[\"https:\\\/\\\/www.evooleum.com\\\/en\\\/politica-de-cookies\\\/\"]}]},{\"@type\":\"BreadcrumbList\",\"@id\":\"https:\\\/\\\/www.evooleum.com\\\/en\\\/politica-de-cookies\\\/#breadcrumb\",\"itemListElement\":[{\"@type\":\"ListItem\",\"position\":1,\"name\":\"Portada\",\"item\":\"https:\\\/\\\/www.evooleum.com\\\/en\\\/\"},{\"@type\":\"ListItem\",\"position\":2,\"name\":\"Pol\u00edtica de cookies\"}]},{\"@type\":\"WebSite\",\"@id\":\"https:\\\/\\\/www.evooleum.com\\\/en\\\/#website\",\"url\":\"https:\\\/\\\/www.evooleum.com\\\/en\\\/\",\"name\":\"EVOOLEUM\",\"description\":\"El Concurso Internacional que recoge los 100 mejores AOVEs del mundo en una gu\u00eda\",\"potentialAction\":[{\"@type\":\"SearchAction\",\"target\":{\"@type\":\"EntryPoint\",\"urlTemplate\":\"https:\\\/\\\/www.evooleum.com\\\/en\\\/?s={search_term_string}\"},\"query-input\":{\"@type\":\"PropertyValueSpecification\",\"valueRequired\":true,\"valueName\":\"search_term_string\"}}],\"inLanguage\":\"en-US\"}]}<\/script>\n<!-- \/ Yoast SEO plugin. -->","yoast_head_json":{"title":"Pol\u00edtica de cookies - EVOOLEUM","robots":{"index":"index","follow":"follow","max-snippet":"max-snippet:-1","max-image-preview":"max-image-preview:large","max-video-preview":"max-video-preview:-1"},"canonical":"https:\/\/www.evooleum.com\/en\/politica-de-cookies\/","og_locale":"en_US","og_type":"article","og_title":"Pol\u00edtica de cookies - EVOOLEUM","og_description":"Declaraci\u00f3n sobre uso de cookies Una cookie es un peque\u00f1o archivo de texto que se instala en su terminal de ordenador (u otro dispositivo, como un tel\u00e9fono m\u00f3vil) a trav\u00e9s de los sitios web que usted visita. Para qu\u00e9 se utilizan las cookies Son ampliamente utilizados para conocer la actividad de los visitantes al sitio [&hellip;]","og_url":"https:\/\/www.evooleum.com\/en\/politica-de-cookies\/","og_site_name":"EVOOLEUM","article_modified_time":"2018-06-04T08:22:42+00:00","twitter_card":"summary_large_image","twitter_misc":{"Est. reading time":"5 minutes"},"schema":{"@context":"https:\/\/schema.org","@graph":[{"@type":"WebPage","@id":"https:\/\/www.evooleum.com\/en\/politica-de-cookies\/","url":"https:\/\/www.evooleum.com\/en\/politica-de-cookies\/","name":"Pol\u00edtica de cookies - EVOOLEUM","isPartOf":{"@id":"https:\/\/www.evooleum.com\/en\/#website"},"datePublished":"2015-11-18T12:27:47+00:00","dateModified":"2018-06-04T08:22:42+00:00","breadcrumb":{"@id":"https:\/\/www.evooleum.com\/en\/politica-de-cookies\/#breadcrumb"},"inLanguage":"en-US","potentialAction":[{"@type":"ReadAction","target":["https:\/\/www.evooleum.com\/en\/politica-de-cookies\/"]}]},{"@type":"BreadcrumbList","@id":"https:\/\/www.evooleum.com\/en\/politica-de-cookies\/#breadcrumb","itemListElement":[{"@type":"ListItem","position":1,"name":"Portada","item":"https:\/\/www.evooleum.com\/en\/"},{"@type":"ListItem","position":2,"name":"Pol\u00edtica de cookies"}]},{"@type":"WebSite","@id":"https:\/\/www.evooleum.com\/en\/#website","url":"https:\/\/www.evooleum.com\/en\/","name":"EVOOLEUM","description":"El Concurso Internacional que recoge los 100 mejores AOVEs del mundo en una gu\u00eda","potentialAction":[{"@type":"SearchAction","target":{"@type":"EntryPoint","urlTemplate":"https:\/\/www.evooleum.com\/en\/?s={search_term_string}"},"query-input":{"@type":"PropertyValueSpecification","valueRequired":true,"valueName":"search_term_string"}}],"inLanguage":"en-US"}]}},"_links":{"self":[{"href":"https:\/\/www.evooleum.com\/en\/wp-json\/wp\/v2\/pages\/379","targetHints":{"allow":["GET"]}}],"collection":[{"href":"https:\/\/www.evooleum.com\/en\/wp-json\/wp\/v2\/pages"}],"about":[{"href":"https:\/\/www.evooleum.com\/en\/wp-json\/wp\/v2\/types\/page"}],"author":[{"embeddable":true,"href":"https:\/\/www.evooleum.com\/en\/wp-json\/wp\/v2\/users\/1"}],"replies":[{"embeddable":true,"href":"https:\/\/www.evooleum.com\/en\/wp-json\/wp\/v2\/comments?post=379"}],"version-history":[{"count":0,"href":"https:\/\/www.evooleum.com\/en\/wp-json\/wp\/v2\/pages\/379\/revisions"}],"wp:attachment":[{"href":"https:\/\/www.evooleum.com\/en\/wp-json\/wp\/v2\/media?parent=379"}],"curies":[{"name":"wp","href":"https:\/\/api.w.org\/{rel}","templated":true}]}}