{"id":380,"date":"2015-11-20T17:01:36","date_gmt":"2015-11-20T17:01:36","guid":{"rendered":"https:\/\/www.evooleum.com\/\/en\/politica-de-privacidad\/"},"modified":"2018-06-04T08:37:13","modified_gmt":"2018-06-04T08:37:13","slug":"politica-de-privacidad","status":"publish","type":"page","link":"https:\/\/www.evooleum.com\/en\/politica-de-privacidad\/","title":{"rendered":"Pol\u00edtica de privacidad"},"content":{"rendered":"<p>[et_pb_section bb_built=&#8221;1&#8243;][et_pb_row][et_pb_column type=&#8221;4_4&#8243;][et_pb_text _builder_version=&#8221;3.5.1&#8243;]<\/p>\n<h1>POL\u00cdTICA DE PRIVACIDAD<strong>\u00a0<\/strong><\/h1>\n<p><strong>Identidad del responsable de los tratamientos <\/strong><\/p>\n<p>EVOOLEUM, S.L. (&#8220;Responsable del Tratamiento&#8221;), con domicilio en la C\/Andr\u00e9s Mellado, 72, bajo izda., 28015 de Madrid.<\/p>\n<p><strong>\u00a0<\/strong><\/p>\n<p><strong>Compra <\/strong><\/p>\n<p>De acuerdo con lo establecido por la legislaci\u00f3n de protecci\u00f3n de datos, le informamos de que los datos de car\u00e1cter personal proporcionados en el formulario de compra ser\u00e1n tratados por EVOOLEUM, S.L. para ofrecerle los servicios de compra de las diferentes publicaciones de EVOOLEUM y para enviarle informaci\u00f3n comercial de EVOOLEUM, ampar\u00e1ndose el responsable del tratamiento en el consentimiento del interesado, al rellenar y enviar el formulario y al marcar la casilla aceptando la Pol\u00edtica de Privacidad y si hubiera marcado la casilla de aceptaci\u00f3n para el env\u00edo de informaci\u00f3n comercial de EVOOLEUM.<\/p>\n<p>Sus datos de car\u00e1cter personal ser\u00e1n tratados mientras se mantenga la relaci\u00f3n contractual con el cliente, mientras \u00e9ste no ejercite la supresi\u00f3n u oposici\u00f3n a sus datos y mientras persistan las obligaciones legales que en materia fiscal afecten a EVOOLEUM, S.L.<\/p>\n<p>&nbsp;<\/p>\n<p><strong>Contacto<\/strong><\/p>\n<p>De acuerdo con lo establecido por la legislaci\u00f3n de protecci\u00f3n de datos, le informamos de que los datos de car\u00e1cter personal proporcionados en el formulario de contacto ser\u00e1n tratados por EVOOLEUM, S.L. para atender sus consultas como usuario, as\u00ed como para el env\u00edo de informaci\u00f3n comercial de EVOOLEUM, ampar\u00e1ndose EVOOLEUM, S.L. en el consentimiento del interesado, al rellenar y enviar el formulario y al marcar la casilla aceptando la Pol\u00edtica de Privacidad y si hubiera marcado la casilla de aceptaci\u00f3n para el env\u00edo de informaci\u00f3n comercial de EVOOLEUM.<\/p>\n<p>Sus datos de car\u00e1cter personal ser\u00e1n tratados durante el tiempo estrictamente necesario para atender su solicitud.<\/p>\n<p>&nbsp;<\/p>\n<p><strong>Respecto a todos los tratamientos<\/strong><\/p>\n<p><strong>Comunicaci\u00f3n de datos a terceros<\/strong><\/p>\n<p>No se ceder\u00e1n datos a terceros salvo obligaci\u00f3n legal. Sin embargo, es posible que, para la correcta prestaci\u00f3n de los servicios, EVOOLEUM, S.L. deba comunicar determinados datos personales a terceros que le presten servicios, exclusivamente para el correcto funcionamiento de la empresa.<\/p>\n<p>En cualquier caso, estas comunicaciones de datos que podr\u00edan realizarse se har\u00e1n como encargo de tratamiento por parte de dichos terceros para la prestaci\u00f3n de servicios de servicios a EVOOLEUM, S.L. Por ejemplo, para la prestaci\u00f3n de servicios de asesoramiento fiscal, EVOOLEUM, S.L. podr\u00e1 contratar con terceros expertos la prestaci\u00f3n del servicio, lo que implicar\u00e1 el acceso por parte de dicho tercero a la informaci\u00f3n de car\u00e1cter personal, o bien, en el caso de que EVOOLEUM, S.L. contrate los servicios de alojamiento de hosting con un tercero.<\/p>\n<p>En este sentido, EVOOLEUM, S.L. contar\u00e1 con los correspondientes contratos de encargo de tratamiento con los terceros que traten o accedan a los datos de car\u00e1cter personal de EVOOLEUM, S.L., en cumplimiento de los establecido en la normativa de protecci\u00f3n de Datos.<\/p>\n<p>Ejercicio de derechos<\/p>\n<p>Igualmente le informamos que cuenta con los derechos de acceso, rectificaci\u00f3n, supresi\u00f3n, oposici\u00f3n, limitaci\u00f3n al tratamiento y portabilidad, respecto de sus datos de car\u00e1cter personal, as\u00ed como con la posibilidad de revocar su consentimiento, pudi\u00e9ndolos ejercitar remitiendo un correo electr\u00f3nico a hello@evooleum.com. La petici\u00f3n deber\u00e1 incluir nombre, apellidos, direcci\u00f3n, derecho que desea solicitar y contenido de su petici\u00f3n.<\/p>\n<p>Finalmente, especialmente cuando Usted no haya obtenido satisfacci\u00f3n en el ejercicio de sus derechos, tiene derecho a presentar reclamaci\u00f3n ante la autoridad nacional de control, a estos efectos debe dirigirse a la Agencia Espa\u00f1ola de Protecci\u00f3n de Datos.<\/p>\n<p>&nbsp;<\/p>\n<p><strong>Mantenimiento de los datos<\/strong><\/p>\n<p>El interesado se compromete a mantener los datos proporcionados a EVOOLEUM, S.L. debidamente actualizados. El interesado ser\u00e1 responsable de los da\u00f1os y perjuicios que EVOOLEUM, S.L. o terceros pudieran sufrir como consecuencia de la falta de veracidad, inexactitud, falta de vigencia y autenticidad de los datos facilitados.<\/p>\n<p>&nbsp;<\/p>\n<p><strong>Uso de cookies<\/strong><\/p>\n<p>Pinche <a href=\"https:\/\/www.evooleum.com\/en\/politica-de-cookies\/\">aqu\u00ed<\/a> para obtener informaci\u00f3n sobre el uso de cookies.<\/p>\n<p>&nbsp;<\/p>\n<p><strong>Seguridad de los datos<\/strong><\/p>\n<p>EVOOLEUM, S.L. tiene implementados en sus centros de trabajo, locales, sistemas, infraestructuras de comunicaciones, etc., las medidas de seguridad que la normativa de Protecci\u00f3n de Datos de car\u00e1cter personal requiere. Tambi\u00e9n ha adoptado las medidas l\u00f3gicas, f\u00edsicas, organizativas, contractuales, etc., que eviten el acceso de terceros a los datos sin autorizaci\u00f3n, la destrucci\u00f3n, la modificaci\u00f3n, la reproducci\u00f3n, la divulgaci\u00f3n, la transmisi\u00f3n o la reutilizaci\u00f3n de los mismos.<\/p>\n<p>A pesar de ello, siempre que proporcione informaci\u00f3n personal en la red, existe el riesgo de que terceras personas, cuyo control queda fuera de nuestro alcance, puedan interceptar esta informaci\u00f3n y utilizarla. Aunque en EVOOLEUM, S.L. nos esforzamos por proteger la informaci\u00f3n personal y su privacidad no podemos garantizar la seguridad de la informaci\u00f3n que revele a trav\u00e9s de la red y bajo su responsabilidad.<\/p>\n<p>&nbsp;<\/p>\n<p><strong>Vigencia y modificaci\u00f3n de la pol\u00edtica de privacidad<\/strong><\/p>\n<p>La Pol\u00edtica de Privacidad establecida por EVOOLEUM, S.L. est\u00e1 en vigor desde la fecha de su publicaci\u00f3n en la web correspondiente; el usuario puede archivarla y\/o reproducirla.<\/p>\n<p>EVOOLEUM, S.L. est\u00e1 facultado para modificar su Pol\u00edtica de Privacidad, poni\u00e9ndolo en conocimiento del usuario.<\/p>\n<p>[\/et_pb_text][\/et_pb_column][\/et_pb_row][\/et_pb_section]<\/p>\n","protected":false},"excerpt":{"rendered":"<p><div class=\"et_pb_row et_pb_row_0 et_pb_row_empty\">\n\t\t\t\t\n\t\t\t\t\n\t\t\t\t\n\t\t\t\t\n\t\t\t\t\n\t\t\t<\/div> POL\u00cdTICA DE PRIVACIDAD\u00a0 Identidad del responsable de los tratamientos EVOOLEUM, S.L. (&#8220;Responsable del Tratamiento&#8221;), con domicilio en la C\/Andr\u00e9s Mellado, 72, bajo izda., 28015 de Madrid. \u00a0 Compra De acuerdo con lo establecido por la legislaci\u00f3n de protecci\u00f3n de datos, le informamos de que los datos de car\u00e1cter personal proporcionados en el formulario de [&hellip;]<\/p>\n","protected":false},"author":1,"featured_media":0,"parent":0,"menu_order":92,"comment_status":"closed","ping_status":"closed","template":"","meta":{"_acf_changed":false,"_et_pb_use_builder":"on","_et_pb_old_content":"<p>[et_pb_section bb_built=\"1\"][et_pb_row][et_pb_column type=\"4_4\"][et_pb_text _builder_version=\"3.5.1\"]<\/p><h1>POL\u00cdTICA DE PRIVACIDAD<strong>\u00a0<\/strong><\/h1><p><strong>Identidad del responsable de los tratamientos <\/strong><\/p><p>EVOOLEUM, S.L. (\"Responsable del Tratamiento\"), con domicilio en la C\/Andr\u00e9s Mellado, 72, bajo izda., 28015 de Madrid.<\/p><p><strong>\u00a0<\/strong><\/p><p><strong>Compra <\/strong><\/p><p>De acuerdo con lo establecido por la legislaci\u00f3n de protecci\u00f3n de datos, le informamos de que los datos de car\u00e1cter personal proporcionados en el formulario de compra ser\u00e1n tratados por EVOOLEUM, S.L. para ofrecerle los servicios de compra de las diferentes publicaciones de EVOOLEUM y para enviarle informaci\u00f3n comercial de EVOOLEUM, ampar\u00e1ndose el responsable del tratamiento en el consentimiento del interesado, al rellenar y enviar el formulario y al marcar la casilla aceptando la Pol\u00edtica de Privacidad y si hubiera marcado la casilla de aceptaci\u00f3n para el env\u00edo de informaci\u00f3n comercial de EVOOLEUM.<\/p><p>Sus datos de car\u00e1cter personal ser\u00e1n tratados mientras se mantenga la relaci\u00f3n contractual con el cliente, mientras \u00e9ste no ejercite la supresi\u00f3n u oposici\u00f3n a sus datos y mientras persistan las obligaciones legales que en materia fiscal afecten a EVOOLEUM, S.L.<\/p><p>\u00a0<\/p><p><strong>Contacto<\/strong><\/p><p>De acuerdo con lo establecido por la legislaci\u00f3n de protecci\u00f3n de datos, le informamos de que los datos de car\u00e1cter personal proporcionados en el formulario de contacto ser\u00e1n tratados por EVOOLEUM, S.L. para atender sus consultas como usuario, as\u00ed como para el env\u00edo de informaci\u00f3n comercial de EVOOLEUM, ampar\u00e1ndose EVOOLEUM, S.L. en el consentimiento del interesado, al rellenar y enviar el formulario y al marcar la casilla aceptando la Pol\u00edtica de Privacidad y si hubiera marcado la casilla de aceptaci\u00f3n para el env\u00edo de informaci\u00f3n comercial de EVOOLEUM.<\/p><p>Sus datos de car\u00e1cter personal ser\u00e1n tratados durante el tiempo estrictamente necesario para atender su solicitud.<\/p><p>\u00a0<\/p><p><strong>Respecto a todos los tratamientos<\/strong><\/p><p><strong>Comunicaci\u00f3n de datos a terceros<\/strong><\/p><p>No se ceder\u00e1n datos a terceros salvo obligaci\u00f3n legal. Sin embargo, es posible que, para la correcta prestaci\u00f3n de los servicios, EVOOLEUM, S.L. deba comunicar determinados datos personales a terceros que le presten servicios, exclusivamente para el correcto funcionamiento de la empresa.<\/p><p>En cualquier caso, estas comunicaciones de datos que podr\u00edan realizarse se har\u00e1n como encargo de tratamiento por parte de dichos terceros para la prestaci\u00f3n de servicios de servicios a EVOOLEUM, S.L. Por ejemplo, para la prestaci\u00f3n de servicios de asesoramiento fiscal, EVOOLEUM, S.L. podr\u00e1 contratar con terceros expertos la prestaci\u00f3n del servicio, lo que implicar\u00e1 el acceso por parte de dicho tercero a la informaci\u00f3n de car\u00e1cter personal, o bien, en el caso de que EVOOLEUM, S.L. contrate los servicios de alojamiento de hosting con un tercero.<\/p><p>En este sentido, EVOOLEUM, S.L. contar\u00e1 con los correspondientes contratos de encargo de tratamiento con los terceros que traten o accedan a los datos de car\u00e1cter personal de EVOOLEUM, S.L., en cumplimiento de los establecido en la normativa de protecci\u00f3n de Datos.<\/p><p>Ejercicio de derechos<\/p><p>Igualmente le informamos que cuenta con los derechos de acceso, rectificaci\u00f3n, supresi\u00f3n, oposici\u00f3n, limitaci\u00f3n al tratamiento y portabilidad, respecto de sus datos de car\u00e1cter personal, as\u00ed como con la posibilidad de revocar su consentimiento, pudi\u00e9ndolos ejercitar remitiendo un correo electr\u00f3nico a hello@evooleum.com. La petici\u00f3n deber\u00e1 incluir nombre, apellidos, direcci\u00f3n, derecho que desea solicitar y contenido de su petici\u00f3n.<\/p><p>Finalmente, especialmente cuando Usted no haya obtenido satisfacci\u00f3n en el ejercicio de sus derechos, tiene derecho a presentar reclamaci\u00f3n ante la autoridad nacional de control, a estos efectos debe dirigirse a la Agencia Espa\u00f1ola de Protecci\u00f3n de Datos.<\/p><p>\u00a0<\/p><p><strong>Mantenimiento de los datos<\/strong><\/p><p>El interesado se compromete a mantener los datos proporcionados a EVOOLEUM, S.L. debidamente actualizados. El interesado ser\u00e1 responsable de los da\u00f1os y perjuicios que EVOOLEUM, S.L. o terceros pudieran sufrir como consecuencia de la falta de veracidad, inexactitud, falta de vigencia y autenticidad de los datos facilitados.<\/p><p>\u00a0<\/p><p><strong>Uso de cookies<\/strong><\/p><p>Pinche <a href=\"https:\/\/www.evooleum.com\/politica-de-cookies\">aqu\u00ed<\/a> para obtener informaci\u00f3n sobre el uso de cookies.<\/p><p>\u00a0<\/p><p><strong>Seguridad de los datos<\/strong><\/p><p>EVOOLEUM, S.L. tiene implementados en sus centros de trabajo, locales, sistemas, infraestructuras de comunicaciones, etc., las medidas de seguridad que la normativa de Protecci\u00f3n de Datos de car\u00e1cter personal requiere. Tambi\u00e9n ha adoptado las medidas l\u00f3gicas, f\u00edsicas, organizativas, contractuales, etc., que eviten el acceso de terceros a los datos sin autorizaci\u00f3n, la destrucci\u00f3n, la modificaci\u00f3n, la reproducci\u00f3n, la divulgaci\u00f3n, la transmisi\u00f3n o la reutilizaci\u00f3n de los mismos.<\/p><p>A pesar de ello, siempre que proporcione informaci\u00f3n personal en la red, existe el riesgo de que terceras personas, cuyo control queda fuera de nuestro alcance, puedan interceptar esta informaci\u00f3n y utilizarla. Aunque en EVOOLEUM, S.L. nos esforzamos por proteger la informaci\u00f3n personal y su privacidad no podemos garantizar la seguridad de la informaci\u00f3n que revele a trav\u00e9s de la red y bajo su responsabilidad.<\/p><p>\u00a0<\/p><p><strong>Vigencia y modificaci\u00f3n de la pol\u00edtica de privacidad<\/strong><\/p><p>La Pol\u00edtica de Privacidad establecida por EVOOLEUM, S.L. est\u00e1 en vigor desde la fecha de su publicaci\u00f3n en la web correspondiente; el usuario puede archivarla y\/o reproducirla.<\/p><p>EVOOLEUM, S.L. est\u00e1 facultado para modificar su Pol\u00edtica de Privacidad, poni\u00e9ndolo en conocimiento del usuario.<\/p><p>[\/et_pb_text][\/et_pb_column][\/et_pb_row][\/et_pb_section]<\/p>","_et_gb_content_width":"","footnotes":""},"class_list":["post-380","page","type-page","status-publish","hentry"],"acf":[],"yoast_head":"<!-- This site is optimized with the Yoast SEO plugin v27.4 - https:\/\/yoast.com\/product\/yoast-seo-wordpress\/ -->\n<title>Pol\u00edtica de privacidad - EVOOLEUM<\/title>\n<meta name=\"robots\" content=\"index, follow, max-snippet:-1, max-image-preview:large, max-video-preview:-1\" \/>\n<link rel=\"canonical\" href=\"https:\/\/www.evooleum.com\/en\/politica-de-privacidad\/\" \/>\n<meta property=\"og:locale\" content=\"en_US\" \/>\n<meta property=\"og:type\" content=\"article\" \/>\n<meta property=\"og:title\" content=\"Pol\u00edtica de privacidad - EVOOLEUM\" \/>\n<meta property=\"og:description\" content=\"POL\u00cdTICA DE PRIVACIDAD\u00a0 Identidad del responsable de los tratamientos EVOOLEUM, S.L. (&quot;Responsable del Tratamiento&quot;), con domicilio en la C\/Andr\u00e9s Mellado, 72, bajo izda., 28015 de Madrid. \u00a0 Compra De acuerdo con lo establecido por la legislaci\u00f3n de protecci\u00f3n de datos, le informamos de que los datos de car\u00e1cter personal proporcionados en el formulario de [&hellip;]\" \/>\n<meta property=\"og:url\" content=\"https:\/\/www.evooleum.com\/en\/politica-de-privacidad\/\" \/>\n<meta property=\"og:site_name\" content=\"EVOOLEUM\" \/>\n<meta property=\"article:modified_time\" content=\"2018-06-04T08:37:13+00:00\" \/>\n<meta name=\"twitter:card\" content=\"summary_large_image\" \/>\n<meta name=\"twitter:label1\" content=\"Est. reading time\" \/>\n\t<meta name=\"twitter:data1\" content=\"5 minutes\" \/>\n<script type=\"application\/ld+json\" class=\"yoast-schema-graph\">{\"@context\":\"https:\\\/\\\/schema.org\",\"@graph\":[{\"@type\":\"WebPage\",\"@id\":\"https:\\\/\\\/www.evooleum.com\\\/en\\\/politica-de-privacidad\\\/\",\"url\":\"https:\\\/\\\/www.evooleum.com\\\/en\\\/politica-de-privacidad\\\/\",\"name\":\"Pol\u00edtica de privacidad - EVOOLEUM\",\"isPartOf\":{\"@id\":\"https:\\\/\\\/www.evooleum.com\\\/en\\\/#website\"},\"datePublished\":\"2015-11-20T17:01:36+00:00\",\"dateModified\":\"2018-06-04T08:37:13+00:00\",\"breadcrumb\":{\"@id\":\"https:\\\/\\\/www.evooleum.com\\\/en\\\/politica-de-privacidad\\\/#breadcrumb\"},\"inLanguage\":\"en-US\",\"potentialAction\":[{\"@type\":\"ReadAction\",\"target\":[\"https:\\\/\\\/www.evooleum.com\\\/en\\\/politica-de-privacidad\\\/\"]}]},{\"@type\":\"BreadcrumbList\",\"@id\":\"https:\\\/\\\/www.evooleum.com\\\/en\\\/politica-de-privacidad\\\/#breadcrumb\",\"itemListElement\":[{\"@type\":\"ListItem\",\"position\":1,\"name\":\"Portada\",\"item\":\"https:\\\/\\\/www.evooleum.com\\\/en\\\/\"},{\"@type\":\"ListItem\",\"position\":2,\"name\":\"Pol\u00edtica de privacidad\"}]},{\"@type\":\"WebSite\",\"@id\":\"https:\\\/\\\/www.evooleum.com\\\/en\\\/#website\",\"url\":\"https:\\\/\\\/www.evooleum.com\\\/en\\\/\",\"name\":\"EVOOLEUM\",\"description\":\"El Concurso Internacional que recoge los 100 mejores AOVEs del mundo en una gu\u00eda\",\"potentialAction\":[{\"@type\":\"SearchAction\",\"target\":{\"@type\":\"EntryPoint\",\"urlTemplate\":\"https:\\\/\\\/www.evooleum.com\\\/en\\\/?s={search_term_string}\"},\"query-input\":{\"@type\":\"PropertyValueSpecification\",\"valueRequired\":true,\"valueName\":\"search_term_string\"}}],\"inLanguage\":\"en-US\"}]}<\/script>\n<!-- \/ Yoast SEO plugin. -->","yoast_head_json":{"title":"Pol\u00edtica de privacidad - EVOOLEUM","robots":{"index":"index","follow":"follow","max-snippet":"max-snippet:-1","max-image-preview":"max-image-preview:large","max-video-preview":"max-video-preview:-1"},"canonical":"https:\/\/www.evooleum.com\/en\/politica-de-privacidad\/","og_locale":"en_US","og_type":"article","og_title":"Pol\u00edtica de privacidad - EVOOLEUM","og_description":"POL\u00cdTICA DE PRIVACIDAD\u00a0 Identidad del responsable de los tratamientos EVOOLEUM, S.L. (\"Responsable del Tratamiento\"), con domicilio en la C\/Andr\u00e9s Mellado, 72, bajo izda., 28015 de Madrid. \u00a0 Compra De acuerdo con lo establecido por la legislaci\u00f3n de protecci\u00f3n de datos, le informamos de que los datos de car\u00e1cter personal proporcionados en el formulario de [&hellip;]","og_url":"https:\/\/www.evooleum.com\/en\/politica-de-privacidad\/","og_site_name":"EVOOLEUM","article_modified_time":"2018-06-04T08:37:13+00:00","twitter_card":"summary_large_image","twitter_misc":{"Est. reading time":"5 minutes"},"schema":{"@context":"https:\/\/schema.org","@graph":[{"@type":"WebPage","@id":"https:\/\/www.evooleum.com\/en\/politica-de-privacidad\/","url":"https:\/\/www.evooleum.com\/en\/politica-de-privacidad\/","name":"Pol\u00edtica de privacidad - EVOOLEUM","isPartOf":{"@id":"https:\/\/www.evooleum.com\/en\/#website"},"datePublished":"2015-11-20T17:01:36+00:00","dateModified":"2018-06-04T08:37:13+00:00","breadcrumb":{"@id":"https:\/\/www.evooleum.com\/en\/politica-de-privacidad\/#breadcrumb"},"inLanguage":"en-US","potentialAction":[{"@type":"ReadAction","target":["https:\/\/www.evooleum.com\/en\/politica-de-privacidad\/"]}]},{"@type":"BreadcrumbList","@id":"https:\/\/www.evooleum.com\/en\/politica-de-privacidad\/#breadcrumb","itemListElement":[{"@type":"ListItem","position":1,"name":"Portada","item":"https:\/\/www.evooleum.com\/en\/"},{"@type":"ListItem","position":2,"name":"Pol\u00edtica de privacidad"}]},{"@type":"WebSite","@id":"https:\/\/www.evooleum.com\/en\/#website","url":"https:\/\/www.evooleum.com\/en\/","name":"EVOOLEUM","description":"El Concurso Internacional que recoge los 100 mejores AOVEs del mundo en una gu\u00eda","potentialAction":[{"@type":"SearchAction","target":{"@type":"EntryPoint","urlTemplate":"https:\/\/www.evooleum.com\/en\/?s={search_term_string}"},"query-input":{"@type":"PropertyValueSpecification","valueRequired":true,"valueName":"search_term_string"}}],"inLanguage":"en-US"}]}},"_links":{"self":[{"href":"https:\/\/www.evooleum.com\/en\/wp-json\/wp\/v2\/pages\/380","targetHints":{"allow":["GET"]}}],"collection":[{"href":"https:\/\/www.evooleum.com\/en\/wp-json\/wp\/v2\/pages"}],"about":[{"href":"https:\/\/www.evooleum.com\/en\/wp-json\/wp\/v2\/types\/page"}],"author":[{"embeddable":true,"href":"https:\/\/www.evooleum.com\/en\/wp-json\/wp\/v2\/users\/1"}],"replies":[{"embeddable":true,"href":"https:\/\/www.evooleum.com\/en\/wp-json\/wp\/v2\/comments?post=380"}],"version-history":[{"count":0,"href":"https:\/\/www.evooleum.com\/en\/wp-json\/wp\/v2\/pages\/380\/revisions"}],"wp:attachment":[{"href":"https:\/\/www.evooleum.com\/en\/wp-json\/wp\/v2\/media?parent=380"}],"curies":[{"name":"wp","href":"https:\/\/api.w.org\/{rel}","templated":true}]}}