{"id":6184,"date":"2019-03-19T09:48:24","date_gmt":"2019-03-19T07:48:24","guid":{"rendered":"https:\/\/www.evooleum.com\/confirmacion-de-registro-packaging\/"},"modified":"2026-04-07T10:32:00","modified_gmt":"2026-04-07T09:32:00","slug":"confirmacion-de-registro-packaging","status":"publish","type":"page","link":"https:\/\/www.evooleum.com\/en\/confirmacion-de-registro-packaging\/","title":{"rendered":"Confirmaci\u00f3n de registro Packaging"},"content":{"rendered":"<p>[et_pb_section fb_built=&#8221;1&#8243; _builder_version=&#8221;4.16&#8243; background_image=&#8221;https:\/\/www.evooleum.com\/wp-content\/uploads\/&#8221; background_size=&#8221;contain&#8221; background_position=&#8221;top_right&#8221; global_colors_info=&#8221;{}&#8221;][et_pb_row _builder_version=&#8221;4.16&#8243; background_size=&#8221;initial&#8221; background_position=&#8221;top_left&#8221; background_repeat=&#8221;repeat&#8221; global_colors_info=&#8221;{}&#8221;][et_pb_column type=&#8221;4_4&#8243; _builder_version=&#8221;4.16&#8243; custom_padding=&#8221;|||&#8221; global_colors_info=&#8221;{}&#8221; custom_padding__hover=&#8221;|||&#8221;][et_pb_text admin_label=&#8221;Texto -TITULO&#8221; _builder_version=&#8221;4.16&#8243; text_orientation=&#8221;center&#8221; module_alignment=&#8221;center&#8221; global_colors_info=&#8221;{}&#8221;]<\/p>\n<h1 id=\"subrayado\">CONFIRMACI\u00d3N DE REGISTRO PACKAGING<\/h1>\n<p>[\/et_pb_text][et_pb_text admin_label=&#8221;Texto &#8211; AVISO LLEGADA DE CORREO Y BOTON PAGO&#8221; _builder_version=&#8221;4.16&#8243; text_orientation=&#8221;center&#8221; module_alignment=&#8221;center&#8221; global_colors_info=&#8221;{}&#8221;]<\/p>\n<p><span style=\"font-family: Arial; font-size: small; color: red;\">IMPORTANTE: se envi\u00f3 una copia de su registro por correo electr\u00f3nico. Si no lo recibe, consulte su bandeja de correo no deseado o p\u00f3ngase en contacto con <a href=\"mailto:hello@evooleum.com\" target=\"_blank\" rel=\"noopener noreferrer\">hello@evooleum.com<\/a><\/span><br \/><strong>Gracias por inscribirse en EVOOLEUM, para que la inscripci\u00f3n tenga validez debe formalizarla pagando la cuota de inscripci\u00f3n a trav\u00e9s del siguiente bot\u00f3n :<\/strong><\/p>\n<p>&#8212;&#8212;&#8212;&#8212;&#8212;&#8212;&#8212;-English version&#8212;&#8212;&#8212;&#8212;&#8212;&#8212;&#8212;&#8211;<br \/><span style=\"font-family: Arial; font-size: small; color: red;\">IMPORTANT: A copy of your registration has been sent by email. If you do not receive it, check your spam tray or contact with <a href=\"mailto:hello@evooleum.com\" target=\"_blank\" rel=\"noopener noreferrer\">hello@evooleum.com<\/a><\/span><br \/><strong>Thank you for registering in EVOOLEUM, to complete the registration process you should formalize by paying the registration fee via the button below:<\/strong><\/p>\n<p>[\/et_pb_text][et_pb_text admin_label=&#8221;Texto -TITULO PAGO&#8221; _builder_version=&#8221;4.16&#8243; text_orientation=&#8221;center&#8221; module_alignment=&#8221;center&#8221; border_style=&#8221;solid&#8221; global_colors_info=&#8221;{}&#8221;]<\/p>\n<h2>PAGO POR TRANSFERENCIA BANCARIA \/ PAYMENTBY BANK TRANSFER<\/h2>\n<p>[\/et_pb_text][et_pb_button button_url=&#8221;https:\/\/www.evooleum.com\/pago-por-transferencia-bancaria-payment-by-bank-transfer-packaging\/&#8221; button_text=&#8221;PAGAR POR TRANSFERENCIA \u2013 PAY BY WIRE TRANSFER&#8221; button_alignment=&#8221;center&#8221; admin_label=&#8221;Bot\u00f3n &#8211; A TRANSFERENCIA&#8221; _builder_version=&#8221;4.16&#8243; custom_button=&#8221;on&#8221; button_bg_color=&#8221;#967906&#8243; button_font=&#8221;|700|||||||&#8221; background_layout=&#8221;dark&#8221; global_colors_info=&#8221;{}&#8221; button_text_size__hover_enabled=&#8221;off&#8221; button_text_size__hover=&#8221;null&#8221; button_one_text_size__hover_enabled=&#8221;off&#8221; button_one_text_size__hover=&#8221;null&#8221; button_two_text_size__hover_enabled=&#8221;off&#8221; button_two_text_size__hover=&#8221;null&#8221; button_text_color__hover_enabled=&#8221;off&#8221; button_text_color__hover=&#8221;null&#8221; button_one_text_color__hover_enabled=&#8221;off&#8221; button_one_text_color__hover=&#8221;null&#8221; button_two_text_color__hover_enabled=&#8221;off&#8221; button_two_text_color__hover=&#8221;null&#8221; button_border_width__hover_enabled=&#8221;off&#8221; button_border_width__hover=&#8221;null&#8221; button_one_border_width__hover_enabled=&#8221;off&#8221; button_one_border_width__hover=&#8221;null&#8221; button_two_border_width__hover_enabled=&#8221;off&#8221; button_two_border_width__hover=&#8221;null&#8221; button_border_color__hover_enabled=&#8221;off&#8221; button_border_color__hover=&#8221;null&#8221; button_one_border_color__hover_enabled=&#8221;off&#8221; button_one_border_color__hover=&#8221;null&#8221; button_two_border_color__hover_enabled=&#8221;off&#8221; button_two_border_color__hover=&#8221;null&#8221; button_border_radius__hover_enabled=&#8221;off&#8221; button_border_radius__hover=&#8221;null&#8221; button_one_border_radius__hover_enabled=&#8221;off&#8221; button_one_border_radius__hover=&#8221;null&#8221; button_two_border_radius__hover_enabled=&#8221;off&#8221; button_two_border_radius__hover=&#8221;null&#8221; button_letter_spacing__hover_enabled=&#8221;off&#8221; button_letter_spacing__hover=&#8221;null&#8221; button_one_letter_spacing__hover_enabled=&#8221;off&#8221; button_one_letter_spacing__hover=&#8221;null&#8221; button_two_letter_spacing__hover_enabled=&#8221;off&#8221; button_two_letter_spacing__hover=&#8221;null&#8221; button_bg_color__hover_enabled=&#8221;off&#8221; button_bg_color__hover=&#8221;null&#8221; button_one_bg_color__hover_enabled=&#8221;off&#8221; button_one_bg_color__hover=&#8221;null&#8221; button_two_bg_color__hover_enabled=&#8221;off&#8221; button_two_bg_color__hover=&#8221;null&#8221;][\/et_pb_button][et_pb_text admin_label=&#8221;Texto &#8211; TRANSFERENCIA O PAYPAL&#8221; _builder_version=&#8221;4.16&#8243; text_orientation=&#8221;center&#8221; module_alignment=&#8221;center&#8221; global_colors_info=&#8221;{}&#8221;]<\/p>\n<h2>PAGAR CON PAYPAL O TARJETA DE CR\u00c9DITO<\/h2>\n<p><span style=\"font-family: Arial; font-size: small; color: red;\"> (S\u00d3LO PARA PAGOS DESDE FUERA DE ESPA\u00d1A)<\/span><\/p>\n<h2>PAY WITH PAYPAL OR CREDIT CARD<\/h2>\n<p><span style=\"font-family: Arial; font-size: small; color: red;\">(ONLY FOR PAYMENTS FROM OUTSIDE SPAIN)<\/span><\/p>\n<p>[\/et_pb_text][et_pb_text admin_label=&#8221;Texto &#8211; BOTON PAYPAL PAGAR&#8221; _builder_version=&#8221;4.27.6&#8243; text_orientation=&#8221;center&#8221; module_alignment=&#8221;center&#8221; hover_enabled=&#8221;0&#8243; global_colors_info=&#8221;{}&#8221; sticky_enabled=&#8221;0&#8243;]<\/p>\n<div class='wpecpp-container wpecpp-align-center'><form class='wpecpp-form' target='_blank' id=r7d8604209fc6d4bedaf52010fd856f3f action='https:\/\/www.paypal.com\/cgi-bin\/webscr' method='post'><input type='hidden' name='cmd' value='_xclick' \/><input type='hidden' name='business' value='admin@evooleum.com' \/><input type='hidden' name='currency_code' value='EUR' \/><input type='hidden' name='lc' value='es_ES'><input type='hidden' name='no_note' value=''><input type='hidden' name='paymentaction' value='sale'><input type='hidden' name='return' value='https:\/\/www.evooleum.com\/form' \/><input type='hidden' name='bn' value='WPPlugin_SP'><input type='hidden' name='cancel_return' value='' \/><input style='border: none;' class='paypalbuttonimage' type='image' src='https:\/\/www.paypalobjects.com\/es_ES\/ES\/i\/btn\/btn_buynowCC_LG.gif' border='0' name='submit' alt='Make your payments with PayPal. It is free, secure, effective.' \/><img alt='' border='0' style='border:none;display:none;' src='https:\/\/www.paypal.com\/es_ES\/i\/scr\/pixel.gif' width='1' height='1' \/><input type='hidden' name='item_name' value='Tasas de inscripcion EVOOLEUM PACKAGING' \/><input type='hidden' name='amount' value='100' \/><\/form><\/div>\n<p>[\/et_pb_text][et_pb_text admin_label=&#8221;Texto &#8211; MENSAJE DE GRACIAS SINGUP&#8221; _builder_version=&#8221;4.16&#8243; vertical_offset_tablet=&#8221;0&#8243; horizontal_offset_tablet=&#8221;0&#8243; z_index_tablet=&#8221;0&#8243; text_text_shadow_horizontal_length_tablet=&#8221;0px&#8221; text_text_shadow_vertical_length_tablet=&#8221;0px&#8221; text_text_shadow_blur_strength_tablet=&#8221;1px&#8221; link_text_shadow_horizontal_length_tablet=&#8221;0px&#8221; link_text_shadow_vertical_length_tablet=&#8221;0px&#8221; link_text_shadow_blur_strength_tablet=&#8221;1px&#8221; ul_text_shadow_horizontal_length_tablet=&#8221;0px&#8221; ul_text_shadow_vertical_length_tablet=&#8221;0px&#8221; ul_text_shadow_blur_strength_tablet=&#8221;1px&#8221; ol_text_shadow_horizontal_length_tablet=&#8221;0px&#8221; ol_text_shadow_vertical_length_tablet=&#8221;0px&#8221; ol_text_shadow_blur_strength_tablet=&#8221;1px&#8221; quote_text_shadow_horizontal_length_tablet=&#8221;0px&#8221; quote_text_shadow_vertical_length_tablet=&#8221;0px&#8221; quote_text_shadow_blur_strength_tablet=&#8221;1px&#8221; header_text_shadow_horizontal_length_tablet=&#8221;0px&#8221; header_text_shadow_vertical_length_tablet=&#8221;0px&#8221; header_text_shadow_blur_strength_tablet=&#8221;1px&#8221; header_2_text_shadow_horizontal_length_tablet=&#8221;0px&#8221; header_2_text_shadow_vertical_length_tablet=&#8221;0px&#8221; header_2_text_shadow_blur_strength_tablet=&#8221;1px&#8221; header_3_text_shadow_horizontal_length_tablet=&#8221;0px&#8221; header_3_text_shadow_vertical_length_tablet=&#8221;0px&#8221; header_3_text_shadow_blur_strength_tablet=&#8221;1px&#8221; header_4_text_shadow_horizontal_length_tablet=&#8221;0px&#8221; header_4_text_shadow_vertical_length_tablet=&#8221;0px&#8221; header_4_text_shadow_blur_strength_tablet=&#8221;1px&#8221; header_5_text_shadow_horizontal_length_tablet=&#8221;0px&#8221; header_5_text_shadow_vertical_length_tablet=&#8221;0px&#8221; header_5_text_shadow_blur_strength_tablet=&#8221;1px&#8221; header_6_text_shadow_horizontal_length_tablet=&#8221;0px&#8221; header_6_text_shadow_vertical_length_tablet=&#8221;0px&#8221; header_6_text_shadow_blur_strength_tablet=&#8221;1px&#8221; box_shadow_horizontal_tablet=&#8221;0px&#8221; box_shadow_vertical_tablet=&#8221;0px&#8221; box_shadow_blur_tablet=&#8221;40px&#8221; box_shadow_spread_tablet=&#8221;0px&#8221; global_colors_info=&#8221;{}&#8221;]<\/p>\n<h1>INFORMACI\u00d3N PARA EL ENV\u00cdO DE MUESTRAS<\/h1>\n<ul>\n<li>Para poder finalizar el registro de la muestra debe haber realizado el pago de la cuota de inscripci\u00f3n.<\/li>\n<li>Deber\u00e1 enviar 2 botellas o envases comerciales de la marca.<\/li>\n<li>Env\u00edelo mediante mensajer\u00eda a la siguiente direcci\u00f3n:\n<ul>\n<li><strong>EVOOLEUM PACKAGING AWARDS<\/strong><br \/>C\/ Andr\u00e9s Mellado, 72<br \/>Bajo Izquierda<br \/>28015 Madrid<br \/>E-mail: hello@evooleum.com<br \/>Tel.:\u00a0 +34 915 444 007<br \/><strong>Horario de recepci\u00f3n de muestras: de 9:00h. a 15:00h. (de lunes a viernes)<\/strong><\/li>\n<\/ul>\n<\/li>\n<li>Una vez recepcionadas las muestras f\u00edsicas le enviaremos un correo de confirmaci\u00f3n.<\/li>\n<\/ul>\n<h1>INFORMATION FOR SENDING SAMPLES<\/h1>\n<ul>\n<li>In order to complete the registration of the sample you must have paid the inscription fee.<\/li>\n<li>You should send 2 bottles of your commercial brand.<\/li>\n<li>Send it via courier to the following address:\n<ul>\n<li><strong>EVOOLEUM PACKAGING AWARDS<\/strong><br \/>C\/ Andr\u00e9s Mellado, 72<br \/>Bajo Izquierda<br \/>28015 Madrid<br \/>E-mail: hello@evooleum.com<br \/>Tel.: +34 915 444 007<br \/><strong>Sample reception hours: 09:00-15:00h (Monday to Friday)<\/strong><\/li>\n<\/ul>\n<\/li>\n<li>Once the physical samples are recepcioned we will send you a confirmation email.<\/li>\n<\/ul>\n<p>[\/et_pb_text][\/et_pb_column][\/et_pb_row][\/et_pb_section]<\/p>\n","protected":false},"excerpt":{"rendered":"<p>CONFIRMACI\u00d3N DE REGISTRO PACKAGING IMPORTANTE: se envi\u00f3 una copia de su registro por correo electr\u00f3nico. Si no lo recibe, consulte su bandeja de correo no deseado o p\u00f3ngase en contacto con hello@evooleum.comGracias por inscribirse en EVOOLEUM, para que la inscripci\u00f3n tenga validez debe formalizarla pagando la cuota de inscripci\u00f3n a trav\u00e9s del siguiente bot\u00f3n :&#8212;&#8212;&#8212;&#8212;&#8212;&#8212;&#8212;-English [&hellip;]<\/p>\n","protected":false},"author":1,"featured_media":0,"parent":0,"menu_order":55,"comment_status":"closed","ping_status":"closed","template":"","meta":{"_acf_changed":false,"_et_pb_use_builder":"on","_et_pb_old_content":"","_et_gb_content_width":"","footnotes":""},"class_list":["post-6184","page","type-page","status-publish","hentry"],"acf":[],"yoast_head":"<!-- This site is optimized with the Yoast SEO plugin v27.4 - https:\/\/yoast.com\/product\/yoast-seo-wordpress\/ -->\n<title>Confirmaci\u00f3n de registro Packaging - EVOOLEUM<\/title>\n<meta name=\"robots\" content=\"index, follow, max-snippet:-1, max-image-preview:large, max-video-preview:-1\" \/>\n<link rel=\"canonical\" href=\"https:\/\/www.evooleum.com\/en\/confirmacion-de-registro-packaging\/\" \/>\n<meta property=\"og:locale\" content=\"en_US\" \/>\n<meta property=\"og:type\" content=\"article\" \/>\n<meta property=\"og:title\" content=\"Confirmaci\u00f3n de registro Packaging - EVOOLEUM\" \/>\n<meta property=\"og:description\" content=\"CONFIRMACI\u00d3N DE REGISTRO PACKAGING IMPORTANTE: se envi\u00f3 una copia de su registro por correo electr\u00f3nico. Si no lo recibe, consulte su bandeja de correo no deseado o p\u00f3ngase en contacto con hello@evooleum.comGracias por inscribirse en EVOOLEUM, para que la inscripci\u00f3n tenga validez debe formalizarla pagando la cuota de inscripci\u00f3n a trav\u00e9s del siguiente bot\u00f3n :----------------------English [&hellip;]\" \/>\n<meta property=\"og:url\" content=\"https:\/\/www.evooleum.com\/en\/confirmacion-de-registro-packaging\/\" \/>\n<meta property=\"og:site_name\" content=\"EVOOLEUM\" \/>\n<meta property=\"article:modified_time\" content=\"2026-04-07T09:32:00+00:00\" \/>\n<meta name=\"twitter:card\" content=\"summary_large_image\" \/>\n<meta name=\"twitter:label1\" content=\"Est. reading time\" \/>\n\t<meta name=\"twitter:data1\" content=\"5 minutes\" \/>\n<script type=\"application\/ld+json\" class=\"yoast-schema-graph\">{\"@context\":\"https:\\\/\\\/schema.org\",\"@graph\":[{\"@type\":\"WebPage\",\"@id\":\"https:\\\/\\\/www.evooleum.com\\\/en\\\/confirmacion-de-registro-packaging\\\/\",\"url\":\"https:\\\/\\\/www.evooleum.com\\\/en\\\/confirmacion-de-registro-packaging\\\/\",\"name\":\"Confirmaci\u00f3n de registro Packaging - EVOOLEUM\",\"isPartOf\":{\"@id\":\"https:\\\/\\\/www.evooleum.com\\\/en\\\/#website\"},\"datePublished\":\"2019-03-19T07:48:24+00:00\",\"dateModified\":\"2026-04-07T09:32:00+00:00\",\"breadcrumb\":{\"@id\":\"https:\\\/\\\/www.evooleum.com\\\/en\\\/confirmacion-de-registro-packaging\\\/#breadcrumb\"},\"inLanguage\":\"en-US\",\"potentialAction\":[{\"@type\":\"ReadAction\",\"target\":[\"https:\\\/\\\/www.evooleum.com\\\/en\\\/confirmacion-de-registro-packaging\\\/\"]}]},{\"@type\":\"BreadcrumbList\",\"@id\":\"https:\\\/\\\/www.evooleum.com\\\/en\\\/confirmacion-de-registro-packaging\\\/#breadcrumb\",\"itemListElement\":[{\"@type\":\"ListItem\",\"position\":1,\"name\":\"Portada\",\"item\":\"https:\\\/\\\/www.evooleum.com\\\/en\\\/\"},{\"@type\":\"ListItem\",\"position\":2,\"name\":\"Confirmaci\u00f3n de registro Packaging\"}]},{\"@type\":\"WebSite\",\"@id\":\"https:\\\/\\\/www.evooleum.com\\\/en\\\/#website\",\"url\":\"https:\\\/\\\/www.evooleum.com\\\/en\\\/\",\"name\":\"EVOOLEUM\",\"description\":\"El Concurso Internacional que recoge los 100 mejores AOVEs del mundo en una gu\u00eda\",\"potentialAction\":[{\"@type\":\"SearchAction\",\"target\":{\"@type\":\"EntryPoint\",\"urlTemplate\":\"https:\\\/\\\/www.evooleum.com\\\/en\\\/?s={search_term_string}\"},\"query-input\":{\"@type\":\"PropertyValueSpecification\",\"valueRequired\":true,\"valueName\":\"search_term_string\"}}],\"inLanguage\":\"en-US\"}]}<\/script>\n<!-- \/ Yoast SEO plugin. -->","yoast_head_json":{"title":"Confirmaci\u00f3n de registro Packaging - EVOOLEUM","robots":{"index":"index","follow":"follow","max-snippet":"max-snippet:-1","max-image-preview":"max-image-preview:large","max-video-preview":"max-video-preview:-1"},"canonical":"https:\/\/www.evooleum.com\/en\/confirmacion-de-registro-packaging\/","og_locale":"en_US","og_type":"article","og_title":"Confirmaci\u00f3n de registro Packaging - EVOOLEUM","og_description":"CONFIRMACI\u00d3N DE REGISTRO PACKAGING IMPORTANTE: se envi\u00f3 una copia de su registro por correo electr\u00f3nico. Si no lo recibe, consulte su bandeja de correo no deseado o p\u00f3ngase en contacto con hello@evooleum.comGracias por inscribirse en EVOOLEUM, para que la inscripci\u00f3n tenga validez debe formalizarla pagando la cuota de inscripci\u00f3n a trav\u00e9s del siguiente bot\u00f3n :----------------------English [&hellip;]","og_url":"https:\/\/www.evooleum.com\/en\/confirmacion-de-registro-packaging\/","og_site_name":"EVOOLEUM","article_modified_time":"2026-04-07T09:32:00+00:00","twitter_card":"summary_large_image","twitter_misc":{"Est. reading time":"5 minutes"},"schema":{"@context":"https:\/\/schema.org","@graph":[{"@type":"WebPage","@id":"https:\/\/www.evooleum.com\/en\/confirmacion-de-registro-packaging\/","url":"https:\/\/www.evooleum.com\/en\/confirmacion-de-registro-packaging\/","name":"Confirmaci\u00f3n de registro Packaging - EVOOLEUM","isPartOf":{"@id":"https:\/\/www.evooleum.com\/en\/#website"},"datePublished":"2019-03-19T07:48:24+00:00","dateModified":"2026-04-07T09:32:00+00:00","breadcrumb":{"@id":"https:\/\/www.evooleum.com\/en\/confirmacion-de-registro-packaging\/#breadcrumb"},"inLanguage":"en-US","potentialAction":[{"@type":"ReadAction","target":["https:\/\/www.evooleum.com\/en\/confirmacion-de-registro-packaging\/"]}]},{"@type":"BreadcrumbList","@id":"https:\/\/www.evooleum.com\/en\/confirmacion-de-registro-packaging\/#breadcrumb","itemListElement":[{"@type":"ListItem","position":1,"name":"Portada","item":"https:\/\/www.evooleum.com\/en\/"},{"@type":"ListItem","position":2,"name":"Confirmaci\u00f3n de registro Packaging"}]},{"@type":"WebSite","@id":"https:\/\/www.evooleum.com\/en\/#website","url":"https:\/\/www.evooleum.com\/en\/","name":"EVOOLEUM","description":"El Concurso Internacional que recoge los 100 mejores AOVEs del mundo en una gu\u00eda","potentialAction":[{"@type":"SearchAction","target":{"@type":"EntryPoint","urlTemplate":"https:\/\/www.evooleum.com\/en\/?s={search_term_string}"},"query-input":{"@type":"PropertyValueSpecification","valueRequired":true,"valueName":"search_term_string"}}],"inLanguage":"en-US"}]}},"_links":{"self":[{"href":"https:\/\/www.evooleum.com\/en\/wp-json\/wp\/v2\/pages\/6184","targetHints":{"allow":["GET"]}}],"collection":[{"href":"https:\/\/www.evooleum.com\/en\/wp-json\/wp\/v2\/pages"}],"about":[{"href":"https:\/\/www.evooleum.com\/en\/wp-json\/wp\/v2\/types\/page"}],"author":[{"embeddable":true,"href":"https:\/\/www.evooleum.com\/en\/wp-json\/wp\/v2\/users\/1"}],"replies":[{"embeddable":true,"href":"https:\/\/www.evooleum.com\/en\/wp-json\/wp\/v2\/comments?post=6184"}],"version-history":[{"count":4,"href":"https:\/\/www.evooleum.com\/en\/wp-json\/wp\/v2\/pages\/6184\/revisions"}],"predecessor-version":[{"id":27670,"href":"https:\/\/www.evooleum.com\/en\/wp-json\/wp\/v2\/pages\/6184\/revisions\/27670"}],"wp:attachment":[{"href":"https:\/\/www.evooleum.com\/en\/wp-json\/wp\/v2\/media?parent=6184"}],"curies":[{"name":"wp","href":"https:\/\/api.w.org\/{rel}","templated":true}]}}